{"id":106,"date":"2025-08-23T18:23:03","date_gmt":"2025-08-23T18:23:03","guid":{"rendered":"https:\/\/elapre.es\/?page_id=106"},"modified":"2025-12-27T22:31:40","modified_gmt":"2025-12-27T20:31:40","slug":"serveis","status":"publish","type":"page","link":"https:\/\/motopro.cat\/es\/serveis\/","title":{"rendered":"Servicios"},"content":{"rendered":"<p>[et_pb_section fb_built=&#8221;1&#8243; _builder_version=&#8221;4.27.5&#8243; _module_preset=&#8221;default&#8221; background_color=&#8221;rgba(0,0,0,0.34)&#8221; background_image=&#8221;https:\/\/motopro.cat\/wp-content\/uploads\/2025\/12\/EKF_0057.webp&#8221; background_blend=&#8221;overlay&#8221; height=&#8221;240px&#8221; custom_margin_tablet=&#8221;&#8221; custom_margin_phone=&#8221;||||false|false&#8221; custom_margin_last_edited=&#8221;on|phone&#8221; global_colors_info=&#8221;{}&#8221;][et_pb_row _builder_version=&#8221;4.27.4&#8243; _module_preset=&#8221;default&#8221; collapsed=&#8221;on&#8221; global_colors_info=&#8221;{}&#8221;][et_pb_column type=&#8221;4_4&#8243; _builder_version=&#8221;4.27.4&#8243; _module_preset=&#8221;default&#8221; global_colors_info=&#8221;{}&#8221;][et_pb_text module_id=&#8221;titol-principal-serveis&#8221; _builder_version=&#8221;4.27.5&#8243; _module_preset=&#8221;default&#8221; text_font=&#8221;Heebo||||||||&#8221; text_text_color=&#8221;#FFFFFF&#8221; text_font_size=&#8221;22px&#8221; header_font=&#8221;Heebo||||||||&#8221; header_text_align=&#8221;center&#8221; header_text_color=&#8221;#FFFFFF&#8221; header_font_size=&#8221;50px&#8221; text_orientation=&#8221;center&#8221; custom_margin_tablet=&#8221;&#8221; custom_margin_phone=&#8221;-35px||||false|false&#8221; custom_margin_last_edited=&#8221;on|phone&#8221; custom_padding_tablet=&#8221;&#8221; custom_padding_phone=&#8221;||||false|false&#8221; custom_padding_last_edited=&#8221;on|phone&#8221; text_font_size_tablet=&#8221;22px&#8221; text_font_size_phone=&#8221;22px&#8221; text_font_size_last_edited=&#8221;on|desktop&#8221; header_font_size_tablet=&#8221;40px&#8221; header_font_size_phone=&#8221;30px&#8221; header_font_size_last_edited=&#8221;on|phone&#8221; global_colors_info=&#8221;{}&#8221;]<\/p>\n<h1>Mec\u00e1nica, mantenimiento i\ny venta.<\/h1>\n<p>&nbsp;<\/p>\n<p>Taller multimarca en Girona<\/p>\n<p>[\/et_pb_text][\/et_pb_column][\/et_pb_row][\/et_pb_section][et_pb_section fb_built=&#8221;1&#8243; _builder_version=&#8221;4.27.5&#8243; _module_preset=&#8221;default&#8221; background_enable_color=&#8221;off&#8221; min_height=&#8221;668.5px&#8221; custom_margin=&#8221;||||false|false&#8221; custom_padding=&#8221;||||false|false&#8221; top_divider_color=&#8221;#E02B20&#8243; top_divider_height=&#8221;54px&#8221; top_divider_repeat=&#8221;1x&#8221; top_divider_arrangement=&#8221;above_content&#8221; top_divider_style_tablet=&#8221;waves2&#8243; top_divider_style_phone=&#8221;none&#8221; top_divider_style_last_edited=&#8221;on|phone&#8221; collapsed=&#8221;off&#8221; global_colors_info=&#8221;{}&#8221;][et_pb_row custom_padding_last_edited=&#8221;on|phone&#8221; _builder_version=&#8221;4.27.5&#8243; _module_preset=&#8221;default&#8221; background_color=&#8221;rgba(242,242,242,0.98)&#8221; use_background_color_gradient=&#8221;on&#8221; background_color_gradient_stops=&#8221;#e02b20 0%|#ffffff 99%&#8221; background_enable_mask_style=&#8221;on&#8221; width_tablet=&#8221;100%&#8221; width_phone=&#8221;100%&#8221; width_last_edited=&#8221;on|phone&#8221; max_width=&#8221;2114px&#8221; height_tablet=&#8221;&#8221; height_phone=&#8221;405px&#8221; height_last_edited=&#8221;on|phone&#8221; custom_margin=&#8221;||10px||false|false&#8221; custom_margin_tablet=&#8221;||10px||false|false&#8221; custom_margin_phone=&#8221;-10px||10px||false|false&#8221; custom_margin_last_edited=&#8221;on|phone&#8221; custom_padding_tablet=&#8221;&#8221; custom_padding_phone=&#8221;0px||0px||false|false&#8221; hover_enabled=&#8221;0&#8243; background_last_edited=&#8221;on|phone&#8221; collapsed=&#8221;on&#8221; global_colors_info=&#8221;{}&#8221; background_mask_style_phone=&#8221;bean&#8221; background_enable_mask_style_phone=&#8221;on&#8221; sticky_enabled=&#8221;0&#8243;][et_pb_column type=&#8221;4_4&#8243; _builder_version=&#8221;4.27.5&#8243; _module_preset=&#8221;default&#8221; global_colors_info=&#8221;{}&#8221;][et_pb_text _builder_version=&#8221;4.27.5&#8243; _module_preset=&#8221;default&#8221; text_font=&#8221;Heebo|300|||||||&#8221; text_text_color=&#8221;#000000&#8243; text_font_size=&#8221;20px&#8221; text_line_height=&#8221;1.8em&#8221; header_2_font=&#8221;Heebo|300||on|||||&#8221; header_2_text_align=&#8221;center&#8221; header_2_text_color=&#8221;#000000&#8243; header_2_font_size=&#8221;36px&#8221; header_2_line_height=&#8221;1.7em&#8221; background_enable_color=&#8221;off&#8221; width=&#8221;80%&#8221; module_alignment=&#8221;center&#8221; custom_margin=&#8221;60px||60px||false|false&#8221; custom_padding=&#8221;||||false|false&#8221; animation_style=&#8221;slide&#8221; animation_direction=&#8221;right&#8221; animation_duration=&#8221;1600ms&#8221; global_colors_info=&#8221;{}&#8221;]<\/p>\n<h2>Tu soluci\u00f3n 360\u00ba en el mundo de las dos ruedas.<\/h2>\n<p>Somos tu taller de confianza en Girona para todo lo que tu moto necesite: mec\u00e1nica de alta precisi\u00f3n, venta personalizada y optimizaci\u00f3n de rendimiento. Todo en un solo lugar, con la garant\u00eda de manos expertas.<\/p>\n<p>[\/et_pb_text][\/et_pb_column][\/et_pb_row][et_pb_row column_structure=&#8221;1_2,1_2&#8243; _builder_version=&#8221;4.27.5&#8243; _module_preset=&#8221;default&#8221; animation_style=&#8221;slide&#8221; animation_direction=&#8221;left&#8221; animation_speed_curve=&#8221;ease&#8221; global_colors_info=&#8221;{}&#8221;][et_pb_column type=&#8221;1_2&#8243; _builder_version=&#8221;4.27.5&#8243; _module_preset=&#8221;default&#8221; transform_translate=&#8221;5px|19px&#8221; animation_direction=&#8221;left&#8221; global_colors_info=&#8221;{}&#8221;][et_pb_image src=&#8221;https:\/\/motopro.cat\/wp-content\/uploads\/2025\/12\/mecanic-treballant_1.webp&#8221; title_text=&#8221;mecanic al banc de treball&#8221; _builder_version=&#8221;4.27.5&#8243; _module_preset=&#8221;default&#8221; global_colors_info=&#8221;{}&#8221;][\/et_pb_image][\/et_pb_column][et_pb_column type=&#8221;1_2&#8243; _builder_version=&#8221;4.27.4&#8243; _module_preset=&#8221;default&#8221; global_colors_info=&#8221;{}&#8221;][et_pb_text _builder_version=&#8221;4.27.5&#8243; _module_preset=&#8221;default&#8221; custom_margin_tablet=&#8221;&#8221; custom_margin_phone=&#8221;40px||||false|false&#8221; custom_margin_last_edited=&#8221;on|phone&#8221; global_colors_info=&#8221;{}&#8221;]<\/p>\n<h2>Mantenimiento y mec\u00e1nica integral<\/h2>\n<p><!--StartFragment --><\/p>\n<p>Ofrecemos un servicio completo de cuidado para tu moto, garantizando el mejor rendimiento y seguridad en la carretera. Utilizamos recambios originales y lubricantes de alta gama para asegurar la vida \u00fatil de tu motor.<\/p>\n<p data-path-to-node=\"3,1,1,0,0\" style=\"padding-left: 40px;\">\u2705 <b data-path-to-node=\"3,1,1,0,0\" data-index-in-node=\"2\">Revisiones oficiales:<\/b> Mantenimiento seg\u00fan el programa del fabricante.<\/p>\n<p data-path-to-node=\"3,1,1,1,0\" style=\"padding-left: 40px;\">\u2705 <b data-path-to-node=\"3,1,1,1,0\" data-index-in-node=\"2\">Neum\u00e1ticos:<\/b> Montaje, equilibrado y cambio de v\u00e1lvulas.<\/p>\n<p data-path-to-node=\"3,1,1,2,0\" style=\"padding-left: 40px;\">\u2705 <b data-path-to-node=\"3,1,1,2,0\" data-index-in-node=\"2\">Diagnosis:<\/b> Detecci\u00f3n de errores con tecnolog\u00eda multimarca.<\/p>\n<p data-path-to-node=\"3,1,1,3,0\" style=\"padding-left: 40px;\">\u2705 <b data-path-to-node=\"3,1,1,3,0\" data-index-in-node=\"2\">Mec\u00e1nica integral:<\/b> Frenos, kits de transmisi\u00f3n y suspensiones.<\/p>\n<p>[\/et_pb_text][et_pb_button button_url=&#8221;mailto:info@motopro.cat&#8221; button_text=&#8221;Contacta per demanar la teva cita&#8221; button_alignment=&#8221;center&#8221; module_id=&#8221;boto-contacte-taller&#8221; _builder_version=&#8221;4.27.5&#8243; _module_preset=&#8221;default&#8221; custom_button=&#8221;on&#8221; button_text_color=&#8221;#FFFFFF&#8221; button_bg_color=&#8221;#E02B20&#8243; button_border_width=&#8221;0px&#8221; button_border_color=&#8221;#000000&#8243; button_border_radius=&#8221;15px&#8221; button_font=&#8221;Heebo||||||||&#8221; button_use_icon=&#8221;off&#8221; custom_margin=&#8221;50px||||false|false&#8221; custom_margin_tablet=&#8221;50px||||false|false&#8221; custom_margin_phone=&#8221;50px||||false|false&#8221; custom_margin_last_edited=&#8221;on|phone&#8221; custom_padding=&#8221;||||false|false&#8221; button_font_tablet=&#8221;Heebo||||||||&#8221; button_font_phone=&#8221;Heebo||||||||&#8221; button_font_last_edited=&#8221;on|phone&#8221; global_colors_info=&#8221;{}&#8221;][\/et_pb_button][\/et_pb_column][\/et_pb_row][et_pb_row column_structure=&#8221;1_2,1_2&#8243; _builder_version=&#8221;4.27.5&#8243; _module_preset=&#8221;default&#8221; custom_margin=&#8221;50px||||false|false&#8221; animation_style=&#8221;slide&#8221; animation_direction=&#8221;right&#8221; global_colors_info=&#8221;{}&#8221; custom_css_main_element_last_edited=&#8221;on|phone&#8221; custom_css_main_element_phone=&#8221;display: flex; flex-direction: column-reverse;&#8221;][et_pb_column type=&#8221;1_2&#8243; _builder_version=&#8221;4.27.5&#8243; _module_preset=&#8221;default&#8221; global_colors_info=&#8221;{}&#8221;][et_pb_text _builder_version=&#8221;4.27.5&#8243; _module_preset=&#8221;default&#8221; custom_margin_tablet=&#8221;&#8221; custom_margin_phone=&#8221;40px||||false|false&#8221; custom_margin_last_edited=&#8221;on|phone&#8221; global_colors_info=&#8221;{}&#8221;]<\/p>\n<h2>Venta de motos: nuevas y de ocasi\u00f3n<\/h2>\n<p>Encontrar la moto perfecta no siempre es f\u00e1cil. En MotoPro te asesoramos de forma personalizada. Si no tenemos el modelo que buscas en nuestro stock actual, lo buscamos por ti con total garant\u00eda mec\u00e1nica. <span>Todas nuestras unidades pasan por un control de calidad antes de ser entregadas, garantizando tu tranquilidad. Ven a visitarnos y encontraremos la moto que mejor se adapte a tu estilo de vida.<\/span><\/p>\n<p data-path-to-node=\"6,2,1,0,0\" style=\"padding-left: 40px;\">\u2705 <b data-path-to-node=\"6,2,1,0,0\" data-index-in-node=\"2\">B\u00fasqueda personalizada:<\/b> Dinos qu\u00e9 modelo quieres y nosotros lo encontramos.<\/p>\n<p data-path-to-node=\"6,2,1,1,0\" style=\"padding-left: 40px;\">\u2705 <b data-path-to-node=\"6,2,1,1,0\" data-index-in-node=\"2\">Garant\u00eda MotoPro:<\/b> Todas nuestras motos de ocasi\u00f3n pasan una revisi\u00f3n exhaustiva.<\/p>\n<p data-path-to-node=\"6,2,1,2,0\" style=\"padding-left: 40px;\">\u2705 <b data-path-to-node=\"6,2,1,2,0\" data-index-in-node=\"2\">Tr\u00e1mites:<\/b> Nos encargamos de toda la documentaci\u00f3n y cambio de nombre.<\/p>\n<p>[\/et_pb_text][et_pb_button button_url=&#8221;mailto:info@motopro.cat&#8221; button_text=&#8221;Consulta el nostre estoc actual&#8221; button_alignment=&#8221;center&#8221; module_id=&#8221;boto-venda-motos&#8221; _builder_version=&#8221;4.27.5&#8243; _module_preset=&#8221;default&#8221; custom_button=&#8221;on&#8221; button_text_color=&#8221;#FFFFFF&#8221; button_bg_color=&#8221;#E02B20&#8243; button_border_width=&#8221;0px&#8221; button_border_color=&#8221;#000000&#8243; button_border_radius=&#8221;15px&#8221; button_font=&#8221;Heebo||||||||&#8221; button_use_icon=&#8221;off&#8221; custom_margin=&#8221;50px||||false|false&#8221; custom_margin_tablet=&#8221;50px||||false|false&#8221; custom_margin_phone=&#8221;50px||||false|false&#8221; custom_margin_last_edited=&#8221;on|phone&#8221; custom_padding=&#8221;||||false|false&#8221; button_font_tablet=&#8221;Heebo||||||||&#8221; button_font_phone=&#8221;Heebo||||||||&#8221; button_font_last_edited=&#8221;on|phone&#8221; global_colors_info=&#8221;{}&#8221;][\/et_pb_button][\/et_pb_column][et_pb_column type=&#8221;1_2&#8243; _builder_version=&#8221;4.27.5&#8243; _module_preset=&#8221;default&#8221; global_colors_info=&#8221;{}&#8221;][et_pb_image src=&#8221;https:\/\/motopro.cat\/wp-content\/uploads\/2025\/12\/Exposicio-de-motos-en-venda-al-taller-MotoPro.webp&#8221; title_text=&#8221;Exposici\u00f3 de motos en venda al taller MotoPro&#8221; _builder_version=&#8221;4.27.5&#8243; _module_preset=&#8221;default&#8221; global_colors_info=&#8221;{}&#8221;][\/et_pb_image][\/et_pb_column][\/et_pb_row][et_pb_row column_structure=&#8221;1_2,1_2&#8243; _builder_version=&#8221;4.27.5&#8243; _module_preset=&#8221;default&#8221; custom_margin=&#8221;50px||||false|false&#8221; animation_style=&#8221;slide&#8221; animation_direction=&#8221;left&#8221; global_colors_info=&#8221;{}&#8221;][et_pb_column type=&#8221;1_2&#8243; _builder_version=&#8221;4.27.5&#8243; _module_preset=&#8221;default&#8221; global_colors_info=&#8221;{}&#8221;][et_pb_image src=&#8221;https:\/\/motopro.cat\/wp-content\/uploads\/2025\/12\/EKF_0038.webp&#8221; title_text=&#8221;Preparaci\u00f3 de motor d&#8217;alt rendiment a MotoPro&#8221; _builder_version=&#8221;4.27.5&#8243; _module_preset=&#8221;default&#8221; global_colors_info=&#8221;{}&#8221;][\/et_pb_image][\/et_pb_column][et_pb_column type=&#8221;1_2&#8243; _builder_version=&#8221;4.27.5&#8243; _module_preset=&#8221;default&#8221; global_colors_info=&#8221;{}&#8221;][et_pb_text _builder_version=&#8221;4.27.5&#8243; _module_preset=&#8221;default&#8221; custom_margin_tablet=&#8221;&#8221; custom_margin_phone=&#8221;40px||||false|false&#8221; custom_margin_last_edited=&#8221;on|phone&#8221; global_colors_info=&#8221;{}&#8221;]<\/p>\n<h2>Preparaciones y Alto Rendimiento<\/h2>\n<p>Llevamos tu moto al siguiente nivel. Somos especialistas en mejorar el rendimiento y la est\u00e9tica de tu m\u00e1quina con componentes de primera calidad y ajustes de precisi\u00f3n. <span>Trabajamos con las mejores marcas del mercado para transformar tu moto en una pieza \u00fanica.<\/span><\/p>\n<p data-path-to-node=\"5,1,1,2,1,0,0\" style=\"padding-left: 40px;\">\u2705 <b data-path-to-node=\"5,1,1,2,1,0,0\" data-index-in-node=\"2\">Optimizaci\u00f3n de centralitas:<\/b> Mejora la respuesta del motor.<\/p>\n<p data-path-to-node=\"5,1,1,2,1,1,0\" style=\"padding-left: 40px;\">\u2705 <b data-path-to-node=\"5,1,1,2,1,1,0\" data-index-in-node=\"2\">Suspensiones:<\/b> Mejora el paso por curva y la seguridad.<\/p>\n<p data-path-to-node=\"5,1,1,2,1,2,0\" style=\"padding-left: 40px;\">\u2705 <b data-path-to-node=\"5,1,1,2,1,2,0\" data-index-in-node=\"2\">Escapes y filtros:<\/b> Potencia y sonido personalizado.<\/p>\n<p data-path-to-node=\"5,1,1,2,1,3,0\" style=\"padding-left: 40px;\">\u2705 <b data-path-to-node=\"5,1,1,2,1,3,0\" data-index-in-node=\"2\">Preparaci\u00f3n para circuito:<\/b> Configuraci\u00f3n espec\u00edfica de competici\u00f3n.<\/p>\n<p>[\/et_pb_text][et_pb_button button_url=&#8221;mailto:info@motopro.cat&#8221; button_text=&#8221;Sol\u00b7licita informaci\u00f3 t\u00e8cnica&#8221; button_alignment=&#8221;center&#8221; module_id=&#8221;boto-preparacions&#8221; _builder_version=&#8221;4.27.5&#8243; _module_preset=&#8221;default&#8221; custom_button=&#8221;on&#8221; button_text_color=&#8221;#FFFFFF&#8221; button_bg_color=&#8221;#E02B20&#8243; button_border_width=&#8221;0px&#8221; button_border_color=&#8221;#000000&#8243; button_border_radius=&#8221;15px&#8221; button_font=&#8221;Heebo||||||||&#8221; button_use_icon=&#8221;off&#8221; custom_margin=&#8221;50px||||false|false&#8221; custom_margin_tablet=&#8221;50px||||false|false&#8221; custom_margin_phone=&#8221;50px||||false|false&#8221; custom_margin_last_edited=&#8221;on|phone&#8221; custom_padding=&#8221;||||false|false&#8221; button_font_tablet=&#8221;Heebo||||||||&#8221; button_font_phone=&#8221;Heebo||||||||&#8221; button_font_last_edited=&#8221;on|phone&#8221; global_colors_info=&#8221;{}&#8221;][\/et_pb_button][\/et_pb_column][\/et_pb_row][et_pb_row _builder_version=&#8221;4.27.5&#8243; _module_preset=&#8221;default&#8221; global_colors_info=&#8221;{}&#8221;][et_pb_column type=&#8221;4_4&#8243; _builder_version=&#8221;4.27.5&#8243; _module_preset=&#8221;default&#8221; global_colors_info=&#8221;{}&#8221;][et_pb_text _builder_version=&#8221;4.27.5&#8243; _module_preset=&#8221;default&#8221; text_font=&#8221;Heebo||||||||&#8221; text_font_size=&#8221;20px&#8221; text_line_height=&#8221;1.8em&#8221; header_2_font=&#8221;Heebo|300||on|||||&#8221; header_2_text_align=&#8221;center&#8221; header_2_text_color=&#8221;#000000&#8243; header_2_font_size=&#8221;36px&#8221; header_2_line_height=&#8221;1.7em&#8221; background_color=&#8221;rgba(242,242,242,0.98)&#8221; use_background_color_gradient=&#8221;on&#8221; background_color_gradient_stops=&#8221;#e02b20 0%|#ffffff 98%&#8221; background_enable_mask_style=&#8221;on&#8221; custom_margin=&#8221;60px||60px||false|false&#8221; custom_padding=&#8221;||||false|false&#8221; animation_style=&#8221;zoom&#8221; animation_intensity_zoom=&#8221;30%&#8221; animation_starting_opacity=&#8221;26%&#8221; global_colors_info=&#8221;{}&#8221;]<\/p>\n<h2>M\u00c1S DE 30 A\u00d1OS DE EXPERIENCIA CUIDANDO DE TU PASI\u00d3N EN GIRONA.<\/h2>\n<p>[\/et_pb_text][\/et_pb_column][\/et_pb_row][\/et_pb_section]<\/p>","protected":false},"excerpt":{"rendered":"<p>Especialistes en mec\u00e0nica multimarca, manteniment integral i venda de motos noves i d&#8217;ocasi\u00f3 a Girona.<\/p>","protected":false},"author":1,"featured_media":0,"parent":0,"menu_order":0,"comment_status":"closed","ping_status":"closed","template":"","meta":{"_et_pb_use_builder":"on","_et_pb_old_content":"","_et_gb_content_width":"","footnotes":""},"class_list":["post-106","page","type-page","status-publish","hentry"],"yoast_head":"<!-- This site is optimized with the Yoast SEO plugin v26.6 - https:\/\/yoast.com\/wordpress\/plugins\/seo\/ -->\n<title>Mec\u00e0nica, manteniment i venda de motos a Girona | MotoPro.<\/title>\n<meta name=\"description\" content=\"Taller especialitzat en manteniment, revisi\u00f3 i venda de motos a Girona. Mec\u00e0nica multimarca, diagnosis i preparacions amb la millor qualitat\" \/>\n<meta name=\"robots\" content=\"index, follow, max-snippet:-1, max-image-preview:large, max-video-preview:-1\" \/>\n<link rel=\"canonical\" href=\"https:\/\/motopro.cat\/es\/serveis\/\" \/>\n<meta property=\"og:locale\" content=\"es_ES\" \/>\n<meta property=\"og:type\" content=\"article\" \/>\n<meta property=\"og:title\" content=\"Mec\u00e0nica, manteniment i venda de motos a Girona | MotoPro.\" \/>\n<meta property=\"og:description\" content=\"Taller especialitzat en manteniment, revisi\u00f3 i venda de motos a Girona. Mec\u00e0nica multimarca, diagnosis i preparacions amb la millor qualitat\" \/>\n<meta property=\"og:url\" content=\"https:\/\/motopro.cat\/es\/serveis\/\" \/>\n<meta property=\"og:site_name\" content=\"MotoPro-Taller de reparaci\u00f3 i venda de motos\" \/>\n<meta property=\"article:modified_time\" content=\"2025-12-27T20:31:40+00:00\" \/>\n<meta name=\"twitter:card\" content=\"summary_large_image\" \/>\n<meta name=\"twitter:label1\" content=\"Tiempo de lectura\" \/>\n\t<meta name=\"twitter:data1\" content=\"3 minutos\" \/>\n<script type=\"application\/ld+json\" class=\"yoast-schema-graph\">{\"@context\":\"https:\/\/schema.org\",\"@graph\":[{\"@type\":\"WebPage\",\"@id\":\"https:\/\/motopro.cat\/serveis\/\",\"url\":\"https:\/\/motopro.cat\/serveis\/\",\"name\":\"Mec\u00e0nica, manteniment i venda de motos a Girona | MotoPro.\",\"isPartOf\":{\"@id\":\"https:\/\/motopro.cat\/#website\"},\"datePublished\":\"2025-08-23T18:23:03+00:00\",\"dateModified\":\"2025-12-27T20:31:40+00:00\",\"description\":\"Taller especialitzat en manteniment, revisi\u00f3 i venda de motos a Girona. Mec\u00e0nica multimarca, diagnosis i preparacions amb la millor qualitat\",\"breadcrumb\":{\"@id\":\"https:\/\/motopro.cat\/serveis\/#breadcrumb\"},\"inLanguage\":\"es\",\"potentialAction\":[{\"@type\":\"ReadAction\",\"target\":[\"https:\/\/motopro.cat\/serveis\/\"]}]},{\"@type\":\"BreadcrumbList\",\"@id\":\"https:\/\/motopro.cat\/serveis\/#breadcrumb\",\"itemListElement\":[{\"@type\":\"ListItem\",\"position\":1,\"name\":\"Portada\",\"item\":\"https:\/\/motopro.cat\/\"},{\"@type\":\"ListItem\",\"position\":2,\"name\":\"Serveis\"}]},{\"@type\":\"WebSite\",\"@id\":\"https:\/\/motopro.cat\/#website\",\"url\":\"https:\/\/motopro.cat\/\",\"name\":\"MotoPro-Taller de reparaci\u00f3 i venda de motos\",\"description\":\"A MotoPro t&#039;ajudem a que gaudeixis de la teva passi\u00f3\",\"potentialAction\":[{\"@type\":\"SearchAction\",\"target\":{\"@type\":\"EntryPoint\",\"urlTemplate\":\"https:\/\/motopro.cat\/?s={search_term_string}\"},\"query-input\":{\"@type\":\"PropertyValueSpecification\",\"valueRequired\":true,\"valueName\":\"search_term_string\"}}],\"inLanguage\":\"es\"}]}<\/script>\n<!-- \/ Yoast SEO plugin. -->","yoast_head_json":{"title":"Mec\u00e0nica, manteniment i venda de motos a Girona | MotoPro.","description":"Taller especialitzat en manteniment, revisi\u00f3 i venda de motos a Girona. Mec\u00e0nica multimarca, diagnosis i preparacions amb la millor qualitat","robots":{"index":"index","follow":"follow","max-snippet":"max-snippet:-1","max-image-preview":"max-image-preview:large","max-video-preview":"max-video-preview:-1"},"canonical":"https:\/\/motopro.cat\/es\/serveis\/","og_locale":"es_ES","og_type":"article","og_title":"Mec\u00e0nica, manteniment i venda de motos a Girona | MotoPro.","og_description":"Taller especialitzat en manteniment, revisi\u00f3 i venda de motos a Girona. Mec\u00e0nica multimarca, diagnosis i preparacions amb la millor qualitat","og_url":"https:\/\/motopro.cat\/es\/serveis\/","og_site_name":"MotoPro-Taller de reparaci\u00f3 i venda de motos","article_modified_time":"2025-12-27T20:31:40+00:00","twitter_card":"summary_large_image","twitter_misc":{"Tiempo de lectura":"3 minutos"},"schema":{"@context":"https:\/\/schema.org","@graph":[{"@type":"WebPage","@id":"https:\/\/motopro.cat\/serveis\/","url":"https:\/\/motopro.cat\/serveis\/","name":"Mec\u00e0nica, manteniment i venda de motos a Girona | MotoPro.","isPartOf":{"@id":"https:\/\/motopro.cat\/#website"},"datePublished":"2025-08-23T18:23:03+00:00","dateModified":"2025-12-27T20:31:40+00:00","description":"Taller especialitzat en manteniment, revisi\u00f3 i venda de motos a Girona. Mec\u00e0nica multimarca, diagnosis i preparacions amb la millor qualitat","breadcrumb":{"@id":"https:\/\/motopro.cat\/serveis\/#breadcrumb"},"inLanguage":"es","potentialAction":[{"@type":"ReadAction","target":["https:\/\/motopro.cat\/serveis\/"]}]},{"@type":"BreadcrumbList","@id":"https:\/\/motopro.cat\/serveis\/#breadcrumb","itemListElement":[{"@type":"ListItem","position":1,"name":"Portada","item":"https:\/\/motopro.cat\/"},{"@type":"ListItem","position":2,"name":"Serveis"}]},{"@type":"WebSite","@id":"https:\/\/motopro.cat\/#website","url":"https:\/\/motopro.cat\/","name":"MotoPro-Taller de reparaci\u00f3 i venda de motos","description":"A MotoPro t&#039;ajudem a que gaudeixis de la teva passi\u00f3","potentialAction":[{"@type":"SearchAction","target":{"@type":"EntryPoint","urlTemplate":"https:\/\/motopro.cat\/?s={search_term_string}"},"query-input":{"@type":"PropertyValueSpecification","valueRequired":true,"valueName":"search_term_string"}}],"inLanguage":"es"}]}},"_links":{"self":[{"href":"https:\/\/motopro.cat\/es\/wp-json\/wp\/v2\/pages\/106","targetHints":{"allow":["GET"]}}],"collection":[{"href":"https:\/\/motopro.cat\/es\/wp-json\/wp\/v2\/pages"}],"about":[{"href":"https:\/\/motopro.cat\/es\/wp-json\/wp\/v2\/types\/page"}],"author":[{"embeddable":true,"href":"https:\/\/motopro.cat\/es\/wp-json\/wp\/v2\/users\/1"}],"replies":[{"embeddable":true,"href":"https:\/\/motopro.cat\/es\/wp-json\/wp\/v2\/comments?post=106"}],"version-history":[{"count":125,"href":"https:\/\/motopro.cat\/es\/wp-json\/wp\/v2\/pages\/106\/revisions"}],"predecessor-version":[{"id":1782,"href":"https:\/\/motopro.cat\/es\/wp-json\/wp\/v2\/pages\/106\/revisions\/1782"}],"wp:attachment":[{"href":"https:\/\/motopro.cat\/es\/wp-json\/wp\/v2\/media?parent=106"}],"curies":[{"name":"wp","href":"https:\/\/api.w.org\/{rel}","templated":true}]}}