{"id":24,"date":"2025-08-22T18:25:15","date_gmt":"2025-08-22T18:25:15","guid":{"rendered":"https:\/\/elapre.es\/?page_id=24"},"modified":"2025-09-10T00:39:27","modified_gmt":"2025-09-10T00:39:27","slug":"contacte","status":"publish","type":"page","link":"https:\/\/motopro.cat\/es\/contacte\/","title":{"rendered":"Contacto"},"content":{"rendered":"<p>[et_pb_section fb_built=&#8221;1&#8243; custom_padding_last_edited=&#8221;off|desktop&#8221; admin_label=&#8221;Header&#8221; _builder_version=&#8221;4.16&#8243; use_background_color_gradient=&#8221;on&#8221; background_color_gradient_direction=&#8221;360deg&#8221; background_color_gradient_stops=&#8221;#e02b20 0%|rgba(0,0,0,0.34) 99%&#8221; background_color_gradient_overlays_image=&#8221;on&#8221; background_color_gradient_start=&#8221;rgba(27,18,61,0.96)&#8221; background_color_gradient_start_position=&#8221;40%&#8221; background_color_gradient_end=&#8221;rgba(27,18,61,0.88)&#8221; background_color_gradient_end_position=&#8221;0%&#8221; background_image=&#8221;https:\/\/elapre.es\/wp-content\/uploads\/2025\/08\/pr-firm_27.jpg&#8221; custom_padding=&#8221;6vw||6vw||true|false&#8221; custom_padding_tablet=&#8221;||||false|false&#8221; custom_padding_phone=&#8221;||||false|false&#8221; locked=&#8221;off&#8221; collapsed=&#8221;on&#8221; global_colors_info=&#8221;{}&#8221;][et_pb_row column_structure=&#8221;1_2,1_2&#8243; _builder_version=&#8221;4.27.4&#8243; max_width=&#8221;1200px&#8221; custom_padding=&#8221;4%|4%|4%|4%|true|true&#8221; border_color_all=&#8221;#16252D&#8221; border_width_bottom=&#8221;8px&#8221; border_color_bottom=&#8221;#E02B20&#8243; border_width_left=&#8221;8px&#8221; border_color_left=&#8221;#E02B20&#8243; locked=&#8221;off&#8221; global_colors_info=&#8221;{}&#8221;][et_pb_column type=&#8221;1_2&#8243; _builder_version=&#8221;4.16&#8243; global_colors_info=&#8221;{}&#8221;][et_pb_text _builder_version=&#8221;4.27.4&#8243; header_font=&#8221;Heebo|900||on|||||&#8221; header_font_size=&#8221;60px&#8221; header_letter_spacing=&#8221;2px&#8221; header_line_height=&#8221;1.2em&#8221; background_layout=&#8221;dark&#8221; header_font_size_tablet=&#8221;40px&#8221; header_font_size_phone=&#8221;24px&#8221; header_font_size_last_edited=&#8221;on|phone&#8221; locked=&#8221;off&#8221; global_colors_info=&#8221;{}&#8221;]<\/p>\n<h1>Contacto<\/h1>\n<p>[\/et_pb_text][\/et_pb_column][et_pb_column type=&#8221;1_2&#8243; _builder_version=&#8221;4.16&#8243; global_colors_info=&#8221;{}&#8221;][\/et_pb_column][\/et_pb_row][et_pb_row _builder_version=&#8221;4.16&#8243; global_colors_info=&#8221;{}&#8221;][et_pb_column type=&#8221;4_4&#8243; _builder_version=&#8221;4.16&#8243; global_colors_info=&#8221;{}&#8221;][et_pb_text content_tablet=&#8221;<\/p>\n<h2>Horari d&#8217;obertura<\/h2>\n<h2>Dilluns &#8211; Divendres 08.00 &#8211; 13.00<\/h2>\n<h2 style=\"%22padding-left:\" 240px;%22>15.00 -19.00<\/h2>\n<p>&#8221; content_phone=&#8221;<\/p>\n<h2>Horari d&#8217;obertura<\/h2>\n<h2>Dill &#8211; Div 08.00 &#8211; 13.00<\/h2>\n<h2>15.00 -19.00<\/h2>\n<p>&#8221; content_last_edited=&#8221;on|phone&#8221; _builder_version=&#8221;4.27.4&#8243; header_2_font=&#8221;Heebo|700||on|||||&#8221; header_2_text_color=&#8221;#ffe7af&#8221; header_2_font_size=&#8221;18px&#8221; header_2_letter_spacing=&#8221;4px&#8221; header_2_line_height=&#8221;1.8em&#8221; text_orientation=&#8221;right&#8221; header_2_font_size_tablet=&#8221;16px&#8221; header_2_font_size_phone=&#8221;14px&#8221; header_2_font_size_last_edited=&#8221;on|phone&#8221; locked=&#8221;off&#8221; global_colors_info=&#8221;{}&#8221;]<\/p>\n<h2>Horari d&#8217;obertura<\/h2>\n<h2>Dilluns &#8211; Divendres 08.00 &#8211; 13.00<\/h2>\n<h2 style=\"padding-left: 240px;\">15.00 -19.00<\/h2>\n<p>[\/et_pb_text][\/et_pb_column][\/et_pb_row][\/et_pb_section][et_pb_section fb_built=&#8221;1&#8243; _builder_version=&#8221;4.27.4&#8243; _module_preset=&#8221;default&#8221; collapsed=&#8221;on&#8221; global_colors_info=&#8221;{}&#8221;][et_pb_row column_structure=&#8221;1_2,1_2&#8243; use_custom_gutter=&#8221;on&#8221; make_equal=&#8221;on&#8221; _builder_version=&#8221;4.27.4&#8243; _module_preset=&#8221;default&#8221; custom_padding=&#8221;26px|||||&#8221; global_colors_info=&#8221;{}&#8221;][et_pb_column type=&#8221;1_2&#8243; _builder_version=&#8221;4.27.4&#8243; _module_preset=&#8221;default&#8221; global_colors_info=&#8221;{}&#8221;][et_pb_text _builder_version=&#8221;4.27.4&#8243; _module_preset=&#8221;default&#8221; text_font=&#8221;Heebo|300|||||||&#8221; text_text_color=&#8221;#FFFFFF&#8221; text_font_size=&#8221;19px&#8221; text_letter_spacing=&#8221;1px&#8221; text_line_height=&#8221;1.8em&#8221; background_image=&#8221;https:\/\/motopro.cat\/wp-content\/uploads\/2025\/08\/A-red-themed-backgro.jpg&#8221; transform_translate=&#8221;-1px|-4px&#8221; transform_translate_linked=&#8221;off&#8221; text_orientation=&#8221;center&#8221; background_layout=&#8221;dark&#8221; height=&#8221;682px&#8221; custom_margin=&#8221;4px||||false|false&#8221; custom_padding=&#8221;0px|6px|0px|7px|false|false&#8221; global_colors_info=&#8221;{}&#8221;]<\/p>\n<h2><\/h2>\n<p>&nbsp;<\/p>\n<h4>Tu moto merece el mejor tratamiento.<\/h4>\n<p>Desde hace m\u00e1s de 30 a\u00f1os, trabajamos con pasi\u00f3n, precisi\u00f3n y respeto hacia cada veh\u00edculo.<br \/>No solo hacemos reparaciones, tambi\u00e9n ayudamos a mantener viva la historia de cada moto.<\/p>\n<p>Si tienes una moto que necesita atenci\u00f3n, o quieres hacer una versi\u00f3n \u00fanica, estamos aqu\u00ed para ayudarte.<\/p>\n<p>Contacta con nosotros hoy mismo<\/p>\n<p>Te responderemos lo antes posible<br \/>No hace falta esperar a que surja un problema. Ven a revisarla hoy.<\/p>\n<div class=\"my-2\"><\/div>\n<h4><strong>Contacta\u2019ns avui mateix<\/strong><\/h4>\n<p>Te responderemos lo antes posible<br \/>No cal que esperis fins que surti un problema. Vina a revisar-la avui.<\/p>\n<p>[\/et_pb_text][\/et_pb_column][et_pb_column type=&#8221;1_2&#8243; _builder_version=&#8221;4.27.4&#8243; _module_preset=&#8221;default&#8221; global_colors_info=&#8221;{}&#8221;][et_pb_text _builder_version=&#8221;4.27.4&#8243; _module_preset=&#8221;default&#8221; text_font=&#8221;Heebo|300|||||||&#8221; text_text_color=&#8221;#FFFFFF&#8221; text_font_size=&#8221;19px&#8221; text_letter_spacing=&#8221;1px&#8221; background_image=&#8221;https:\/\/motopro.cat\/wp-content\/uploads\/2025\/08\/A-red-themed-backgro.jpg&#8221; transform_translate=&#8221;-1px|-4px&#8221; transform_translate_linked=&#8221;off&#8221; background_layout=&#8221;dark&#8221; height=&#8221;682px&#8221; custom_margin=&#8221;4px||||false|false&#8221; custom_padding=&#8221;0px|6px|0px|7px|false|false&#8221; global_colors_info=&#8221;{}&#8221;]<\/p>\n<h3><\/h3>\n<h3><\/h3>\n<h3><\/h3>\n<h3><\/h3>\n<h3><\/h3>\n<h3><\/h3>\n<h3>Antes de venir\u2026 aqu\u00ed tienes las respuestas que necesitas:<\/h3>\n<p>&nbsp;<\/p>\n<ul>\n<li><strong>\u00bfEs necesario pedir hora antes de venir?<\/strong><br \/>No es obligatoria, pero s\u00ed muy recomendable. Nos permite atenderte mejor y sin esperas.\u00a0<\/li>\n<\/ul>\n<ul>\n<li><strong>\u00a0\u00bfQu\u00e9 necesito traer?<\/strong><br \/>La documentaci\u00f3n de la moto (libro de servicio, ITV) y, si puedes, una lista de lo que quieres revisar o cambiar.<\/li>\n<\/ul>\n<ul>\n<li><strong>\u00bfAcept\u00e1is pago en efectivo?<\/strong><br \/>S\u00ed, aceptamos efectivo, tarjeta y transferencia. Tambi\u00e9n ofrecemos financiaci\u00f3n para reparaciones importantes.<\/li>\n<\/ul>\n<p><strong>\u00bfHay algo m\u00e1s que necesites saber?<\/strong> Ll\u00e1manos y te atenderemos personalmente en el <span>646 518 503<\/span><\/p>\n<p>[\/et_pb_text][\/et_pb_column][\/et_pb_row][\/et_pb_section][et_pb_section fb_built=&#8221;1&#8243; custom_padding_last_edited=&#8221;off|desktop&#8221; admin_label=&#8221;Contact Info&#8221; _builder_version=&#8221;4.16&#8243; custom_padding=&#8221;0px||0px||true|false&#8221; custom_padding_tablet=&#8221;60px||60px||true|false&#8221; custom_padding_phone=&#8221;40px||40px||true|false&#8221; locked=&#8221;off&#8221; global_colors_info=&#8221;{}&#8221;][et_pb_row column_structure=&#8221;2_5,3_5&#8243; use_custom_gutter=&#8221;on&#8221; gutter_width=&#8221;2&#8243; make_equal=&#8221;on&#8221; custom_padding_last_edited=&#8221;off|desktop&#8221; _builder_version=&#8221;4.27.4&#8243; max_width=&#8221;1200px&#8221; custom_padding=&#8221;6%|4%|6%|4%|true|true&#8221; custom_padding_tablet=&#8221;50px||50px|30px|false|false&#8221; border_style_all=&#8221;none&#8221; border_width_left=&#8221;8px&#8221; border_color_left=&#8221;#F4F4F5&#8243; global_colors_info=&#8221;{}&#8221;][et_pb_column type=&#8221;2_5&#8243; _builder_version=&#8221;4.16&#8243; global_colors_info=&#8221;{}&#8221;][et_pb_text _builder_version=&#8221;4.27.4&#8243; text_font=&#8221;|700|||||||&#8221; text_text_color=&#8221;#E02B20&#8243; text_font_size=&#8221;36px&#8221; text_line_height=&#8221;1.8em&#8221; header_6_font=&#8221;Heebo|700||on|||||&#8221; header_6_letter_spacing=&#8221;3px&#8221; header_6_line_height=&#8221;2em&#8221; text_font_size_tablet=&#8221;30px&#8221; text_font_size_phone=&#8221;24px&#8221; text_font_size_last_edited=&#8221;on|phone&#8221; locked=&#8221;off&#8221; global_colors_info=&#8221;{}&#8221;]<\/p>\n<h6>Tel\u00e8fon<\/h6>\n<p><span>972 23 87 20<\/span><\/p>\n<p><span>646 518 503\u00a0<\/span><\/p>\n<p>[\/et_pb_text][et_pb_text _builder_version=&#8221;4.27.4&#8243; text_line_height=&#8221;2em&#8221; link_text_color=&#8221;#666666&#8243; link_font_size=&#8221;18px&#8221; link_line_height=&#8221;1.8em&#8221; header_6_font=&#8221;Heebo|700||on|||||&#8221; header_6_letter_spacing=&#8221;3px&#8221; header_6_line_height=&#8221;2em&#8221; link_font_size_tablet=&#8221;16px&#8221; link_font_size_phone=&#8221;14px&#8221; link_font_size_last_edited=&#8221;on|phone&#8221; locked=&#8221;off&#8221; global_colors_info=&#8221;{}&#8221;]<\/p>\n<h6>Email<\/h6>\n<p><a href=\"mailto:info@motopro.cat\">info@motopro.cat<\/a><\/p>\n<p>[\/et_pb_text][\/et_pb_column][et_pb_column type=&#8221;3_5&#8243; _builder_version=&#8221;4.16&#8243; global_colors_info=&#8221;{}&#8221;][et_pb_code _builder_version=&#8221;4.27.4&#8243; _module_preset=&#8221;default&#8221; width=&#8221;100%&#8221; max_width=&#8221;100%&#8221; global_colors_info=&#8221;{}&#8221;]<iframe src=\"https:\/\/www.google.com\/maps\/embed?pb=!1m18!1m12!1m3!1d2966.124111354329!2d2.798005!3d41.976144999999995!2m3!1f0!2f0!3f0!3m2!1i1024!2i768!4f13.1!3m3!1m2!1s0x12bae7387533baff%3A0x5fbc5221772d7122!2sMotoPro!5e0!3m2!1ses!2ses!4v1756240819296!5m2!1ses!2ses\" width=\"100%\" height=\"550\" style=\"border:0;\" allowfullscreen=\"\" loading=\"lazy\" referrerpolicy=\"no-referrer-when-downgrade\"><\/iframe>[\/et_pb_code][et_pb_contact_form captcha=&#8221;off&#8221; email=&#8221;info@motopro.cat&#8221; title=&#8221;Parla amb els experts &#8230;&#8221; success_message=&#8221;Gr\u00e0cies per contactar amb nosaltres!   La teva moto (i tu) esteu en bones mans.   Et contestarem tan aviat com ens sigui possible&#8221; submit_button_text=&#8221;Envia&#8217;ns el teu missatge&#8221; admin_label=&#8221;Formulario de contacto&#8221; _builder_version=&#8221;4.27.4&#8243; form_field_background_color=&#8221;rgba(0,0,0,0)&#8221; title_level=&#8221;h2&#8243; title_font=&#8221;Heebo|900||on|||||&#8221; title_font_size=&#8221;40px&#8221; title_letter_spacing=&#8221;1px&#8221; title_line_height=&#8221;1.8em&#8221; form_field_font=&#8221;|700||on|||||&#8221; form_field_font_size=&#8221;14px&#8221; form_field_letter_spacing=&#8221;5px&#8221; form_field_line_height=&#8221;1.8em&#8221; custom_button=&#8221;on&#8221; button_text_size=&#8221;14px&#8221; button_text_color=&#8221;#ffffff&#8221; button_bg_image=&#8221;https:\/\/elapre.es\/wp-content\/uploads\/2025\/08\/A-red-themed-backgro.jpg&#8221; button_border_width=&#8221;3px&#8221; button_border_color=&#8221;#E02B20&#8243; button_border_radius=&#8221;0px&#8221; button_letter_spacing=&#8221;5px&#8221; button_font=&#8221;|700||on|||||&#8221; button_custom_padding=&#8221;20px|30px|20px|30px|true|true&#8221; title_font_size_tablet=&#8221;24px&#8221; title_font_size_phone=&#8221;20px&#8221; title_font_size_last_edited=&#8221;on|phone&#8221; border_width_all=&#8221;2px&#8221; border_color_all=&#8221;#B1B5B9&#8243; global_colors_info=&#8221;{}&#8221;][et_pb_contact_field field_id=&#8221;Name&#8221; field_title=&#8221;Com et dius&#8221; fullwidth_field=&#8221;on&#8221; _builder_version=&#8221;4.27.4&#8243; global_colors_info=&#8221;{}&#8221; button_text_size__hover_enabled=&#8221;off&#8221; button_one_text_size__hover_enabled=&#8221;off&#8221; button_two_text_size__hover_enabled=&#8221;off&#8221; button_text_color__hover_enabled=&#8221;off&#8221; button_one_text_color__hover_enabled=&#8221;off&#8221; button_two_text_color__hover_enabled=&#8221;off&#8221; button_border_width__hover_enabled=&#8221;off&#8221; button_one_border_width__hover_enabled=&#8221;off&#8221; button_two_border_width__hover_enabled=&#8221;off&#8221; button_border_color__hover_enabled=&#8221;off&#8221; button_one_border_color__hover_enabled=&#8221;off&#8221; button_two_border_color__hover_enabled=&#8221;off&#8221; button_border_radius__hover_enabled=&#8221;off&#8221; button_one_border_radius__hover_enabled=&#8221;off&#8221; button_two_border_radius__hover_enabled=&#8221;off&#8221; button_letter_spacing__hover_enabled=&#8221;off&#8221; button_one_letter_spacing__hover_enabled=&#8221;off&#8221; button_two_letter_spacing__hover_enabled=&#8221;off&#8221; button_bg_color__hover_enabled=&#8221;off&#8221; button_one_bg_color__hover_enabled=&#8221;off&#8221; button_two_bg_color__hover_enabled=&#8221;off&#8221;][\/et_pb_contact_field][et_pb_contact_field field_id=&#8221;Email&#8221; field_title=&#8221;E-Mail&#8221; field_type=&#8221;email&#8221; _builder_version=&#8221;4.27.4&#8243; global_colors_info=&#8221;{}&#8221; button_text_size__hover_enabled=&#8221;off&#8221; button_one_text_size__hover_enabled=&#8221;off&#8221; button_two_text_size__hover_enabled=&#8221;off&#8221; button_text_color__hover_enabled=&#8221;off&#8221; button_one_text_color__hover_enabled=&#8221;off&#8221; button_two_text_color__hover_enabled=&#8221;off&#8221; button_border_width__hover_enabled=&#8221;off&#8221; button_one_border_width__hover_enabled=&#8221;off&#8221; button_two_border_width__hover_enabled=&#8221;off&#8221; button_border_color__hover_enabled=&#8221;off&#8221; button_one_border_color__hover_enabled=&#8221;off&#8221; button_two_border_color__hover_enabled=&#8221;off&#8221; button_border_radius__hover_enabled=&#8221;off&#8221; button_one_border_radius__hover_enabled=&#8221;off&#8221; button_two_border_radius__hover_enabled=&#8221;off&#8221; button_letter_spacing__hover_enabled=&#8221;off&#8221; button_one_letter_spacing__hover_enabled=&#8221;off&#8221; button_two_letter_spacing__hover_enabled=&#8221;off&#8221; button_bg_color__hover_enabled=&#8221;off&#8221; button_one_bg_color__hover_enabled=&#8221;off&#8221; button_two_bg_color__hover_enabled=&#8221;off&#8221;][\/et_pb_contact_field][et_pb_contact_field field_id=&#8221;Message&#8221; field_title=&#8221;Explica&#8217;ns que necessites&#8221; field_type=&#8221;text&#8221; fullwidth_field=&#8221;on&#8221; _builder_version=&#8221;4.27.4&#8243; global_colors_info=&#8221;{}&#8221; button_text_size__hover_enabled=&#8221;off&#8221; button_one_text_size__hover_enabled=&#8221;off&#8221; button_two_text_size__hover_enabled=&#8221;off&#8221; button_text_color__hover_enabled=&#8221;off&#8221; button_one_text_color__hover_enabled=&#8221;off&#8221; button_two_text_color__hover_enabled=&#8221;off&#8221; button_border_width__hover_enabled=&#8221;off&#8221; button_one_border_width__hover_enabled=&#8221;off&#8221; button_two_border_width__hover_enabled=&#8221;off&#8221; button_border_color__hover_enabled=&#8221;off&#8221; button_one_border_color__hover_enabled=&#8221;off&#8221; button_two_border_color__hover_enabled=&#8221;off&#8221; button_border_radius__hover_enabled=&#8221;off&#8221; button_one_border_radius__hover_enabled=&#8221;off&#8221; button_two_border_radius__hover_enabled=&#8221;off&#8221; button_letter_spacing__hover_enabled=&#8221;off&#8221; button_one_letter_spacing__hover_enabled=&#8221;off&#8221; button_two_letter_spacing__hover_enabled=&#8221;off&#8221; button_bg_color__hover_enabled=&#8221;off&#8221; button_one_bg_color__hover_enabled=&#8221;off&#8221; button_two_bg_color__hover_enabled=&#8221;off&#8221;][\/et_pb_contact_field][\/et_pb_contact_form][\/et_pb_column][\/et_pb_row][\/et_pb_section]<\/p>","protected":false},"excerpt":{"rendered":"<p>ContacteHorari d&#8217;obertura Dilluns &#8211; Divendres 08.00 &#8211; 13.00 15.00 -19.00 &nbsp; La teva moto mereix el millor tractament. Des de fa m\u00e9s de 30 anys, treballem amb passi\u00f3, precisi\u00f3 i respecte cap a cada vehicle.No nom\u00e9s fem reparacions, tamb\u00e9 ajudem a mantenir viva la hist\u00f2ria de cada moto. Si tens una moto que necessita atenci\u00f3, [&hellip;]<\/p>","protected":false},"author":1,"featured_media":0,"parent":0,"menu_order":0,"comment_status":"closed","ping_status":"closed","template":"","meta":{"_et_pb_use_builder":"on","_et_pb_old_content":"","_et_gb_content_width":"","footnotes":""},"class_list":["post-24","page","type-page","status-publish","hentry"],"yoast_head":"<!-- This site is optimized with the Yoast SEO plugin v26.6 - https:\/\/yoast.com\/wordpress\/plugins\/seo\/ -->\n<title>Contacte - MotoPro-Taller de reparaci\u00f3 i venda de motos<\/title>\n<meta name=\"robots\" content=\"index, follow, max-snippet:-1, max-image-preview:large, max-video-preview:-1\" \/>\n<link rel=\"canonical\" href=\"https:\/\/motopro.cat\/es\/contacte\/\" \/>\n<meta property=\"og:locale\" content=\"es_ES\" \/>\n<meta property=\"og:type\" content=\"article\" \/>\n<meta property=\"og:title\" content=\"Contacte - MotoPro-Taller de reparaci\u00f3 i venda de motos\" \/>\n<meta property=\"og:description\" content=\"ContacteHorari d&#039;obertura Dilluns - Divendres 08.00 - 13.00 15.00 -19.00 &nbsp; La teva moto mereix el millor tractament. Des de fa m\u00e9s de 30 anys, treballem amb passi\u00f3, precisi\u00f3 i respecte cap a cada vehicle.No nom\u00e9s fem reparacions, tamb\u00e9 ajudem a mantenir viva la hist\u00f2ria de cada moto. Si tens una moto que necessita atenci\u00f3, [&hellip;]\" \/>\n<meta property=\"og:url\" content=\"https:\/\/motopro.cat\/es\/contacte\/\" \/>\n<meta property=\"og:site_name\" content=\"MotoPro-Taller de reparaci\u00f3 i venda de motos\" \/>\n<meta property=\"article:modified_time\" content=\"2025-09-10T00:39:27+00:00\" \/>\n<meta name=\"twitter:card\" content=\"summary_large_image\" \/>\n<meta name=\"twitter:label1\" content=\"Tiempo de lectura\" \/>\n\t<meta name=\"twitter:data1\" content=\"8 minutos\" \/>\n<script type=\"application\/ld+json\" class=\"yoast-schema-graph\">{\"@context\":\"https:\/\/schema.org\",\"@graph\":[{\"@type\":\"WebPage\",\"@id\":\"https:\/\/motopro.cat\/contacte\/\",\"url\":\"https:\/\/motopro.cat\/contacte\/\",\"name\":\"Contacte - MotoPro-Taller de reparaci\u00f3 i venda de motos\",\"isPartOf\":{\"@id\":\"https:\/\/motopro.cat\/#website\"},\"datePublished\":\"2025-08-22T18:25:15+00:00\",\"dateModified\":\"2025-09-10T00:39:27+00:00\",\"breadcrumb\":{\"@id\":\"https:\/\/motopro.cat\/contacte\/#breadcrumb\"},\"inLanguage\":\"es\",\"potentialAction\":[{\"@type\":\"ReadAction\",\"target\":[\"https:\/\/motopro.cat\/contacte\/\"]}]},{\"@type\":\"BreadcrumbList\",\"@id\":\"https:\/\/motopro.cat\/contacte\/#breadcrumb\",\"itemListElement\":[{\"@type\":\"ListItem\",\"position\":1,\"name\":\"Portada\",\"item\":\"https:\/\/motopro.cat\/\"},{\"@type\":\"ListItem\",\"position\":2,\"name\":\"Contacte\"}]},{\"@type\":\"WebSite\",\"@id\":\"https:\/\/motopro.cat\/#website\",\"url\":\"https:\/\/motopro.cat\/\",\"name\":\"MotoPro-Taller de reparaci\u00f3 i venda de motos\",\"description\":\"A MotoPro t&#039;ajudem a que gaudeixis de la teva passi\u00f3\",\"potentialAction\":[{\"@type\":\"SearchAction\",\"target\":{\"@type\":\"EntryPoint\",\"urlTemplate\":\"https:\/\/motopro.cat\/?s={search_term_string}\"},\"query-input\":{\"@type\":\"PropertyValueSpecification\",\"valueRequired\":true,\"valueName\":\"search_term_string\"}}],\"inLanguage\":\"es\"}]}<\/script>\n<!-- \/ Yoast SEO plugin. -->","yoast_head_json":{"title":"Contacte - MotoPro-Taller de reparaci\u00f3 i venda de motos","robots":{"index":"index","follow":"follow","max-snippet":"max-snippet:-1","max-image-preview":"max-image-preview:large","max-video-preview":"max-video-preview:-1"},"canonical":"https:\/\/motopro.cat\/es\/contacte\/","og_locale":"es_ES","og_type":"article","og_title":"Contacte - MotoPro-Taller de reparaci\u00f3 i venda de motos","og_description":"ContacteHorari d'obertura Dilluns - Divendres 08.00 - 13.00 15.00 -19.00 &nbsp; La teva moto mereix el millor tractament. Des de fa m\u00e9s de 30 anys, treballem amb passi\u00f3, precisi\u00f3 i respecte cap a cada vehicle.No nom\u00e9s fem reparacions, tamb\u00e9 ajudem a mantenir viva la hist\u00f2ria de cada moto. Si tens una moto que necessita atenci\u00f3, [&hellip;]","og_url":"https:\/\/motopro.cat\/es\/contacte\/","og_site_name":"MotoPro-Taller de reparaci\u00f3 i venda de motos","article_modified_time":"2025-09-10T00:39:27+00:00","twitter_card":"summary_large_image","twitter_misc":{"Tiempo de lectura":"8 minutos"},"schema":{"@context":"https:\/\/schema.org","@graph":[{"@type":"WebPage","@id":"https:\/\/motopro.cat\/contacte\/","url":"https:\/\/motopro.cat\/contacte\/","name":"Contacte - MotoPro-Taller de reparaci\u00f3 i venda de motos","isPartOf":{"@id":"https:\/\/motopro.cat\/#website"},"datePublished":"2025-08-22T18:25:15+00:00","dateModified":"2025-09-10T00:39:27+00:00","breadcrumb":{"@id":"https:\/\/motopro.cat\/contacte\/#breadcrumb"},"inLanguage":"es","potentialAction":[{"@type":"ReadAction","target":["https:\/\/motopro.cat\/contacte\/"]}]},{"@type":"BreadcrumbList","@id":"https:\/\/motopro.cat\/contacte\/#breadcrumb","itemListElement":[{"@type":"ListItem","position":1,"name":"Portada","item":"https:\/\/motopro.cat\/"},{"@type":"ListItem","position":2,"name":"Contacte"}]},{"@type":"WebSite","@id":"https:\/\/motopro.cat\/#website","url":"https:\/\/motopro.cat\/","name":"MotoPro-Taller de reparaci\u00f3 i venda de motos","description":"A MotoPro t&#039;ajudem a que gaudeixis de la teva passi\u00f3","potentialAction":[{"@type":"SearchAction","target":{"@type":"EntryPoint","urlTemplate":"https:\/\/motopro.cat\/?s={search_term_string}"},"query-input":{"@type":"PropertyValueSpecification","valueRequired":true,"valueName":"search_term_string"}}],"inLanguage":"es"}]}},"_links":{"self":[{"href":"https:\/\/motopro.cat\/es\/wp-json\/wp\/v2\/pages\/24","targetHints":{"allow":["GET"]}}],"collection":[{"href":"https:\/\/motopro.cat\/es\/wp-json\/wp\/v2\/pages"}],"about":[{"href":"https:\/\/motopro.cat\/es\/wp-json\/wp\/v2\/types\/page"}],"author":[{"embeddable":true,"href":"https:\/\/motopro.cat\/es\/wp-json\/wp\/v2\/users\/1"}],"replies":[{"embeddable":true,"href":"https:\/\/motopro.cat\/es\/wp-json\/wp\/v2\/comments?post=24"}],"version-history":[{"count":31,"href":"https:\/\/motopro.cat\/es\/wp-json\/wp\/v2\/pages\/24\/revisions"}],"predecessor-version":[{"id":827,"href":"https:\/\/motopro.cat\/es\/wp-json\/wp\/v2\/pages\/24\/revisions\/827"}],"wp:attachment":[{"href":"https:\/\/motopro.cat\/es\/wp-json\/wp\/v2\/media?parent=24"}],"curies":[{"name":"wp","href":"https:\/\/api.w.org\/{rel}","templated":true}]}}