{"id":555,"date":"2025-09-09T10:26:28","date_gmt":"2025-09-09T10:26:28","guid":{"rendered":"https:\/\/elapre.es\/?page_id=555"},"modified":"2025-10-26T21:14:10","modified_gmt":"2025-10-26T19:14:10","slug":"avis-legal","status":"publish","type":"page","link":"https:\/\/motopro.cat\/es\/avis-legal\/","title":{"rendered":"Av\u00eds Legal"},"content":{"rendered":"<p>[et_pb_section fb_built=&#8221;1&#8243; admin_label=&#8221;section&#8221; _builder_version=&#8221;4.16&#8243; global_colors_info=&#8221;{}&#8221;][et_pb_row admin_label=&#8221;row&#8221; _builder_version=&#8221;4.16&#8243; background_size=&#8221;initial&#8221; background_position=&#8221;top_left&#8221; background_repeat=&#8221;repeat&#8221; global_colors_info=&#8221;{}&#8221; custom_padding=&#8221;63px|||||&#8221;][et_pb_column type=&#8221;4_4&#8243; _builder_version=&#8221;4.16&#8243; custom_padding=&#8221;|||&#8221; global_colors_info=&#8221;{}&#8221; custom_padding__hover=&#8221;|||&#8221;][et_pb_text _builder_version=&#8221;4.27.4&#8243; _module_preset=&#8221;default&#8221; hover_enabled=&#8221;0&#8243; global_colors_info=&#8221;{}&#8221; sticky_enabled=&#8221;0&#8243;]<\/p>\n<h1>AVIS LEGAL<!--StartFragment --><\/h1>\n<p>&nbsp;<\/p>\n<p><strong>En cumplimiento de la Ley 34\/2002, de 11 de julio, de Servicios de la Sociedad de la Informaci\u00f3n y de E-commerce (*LSSI-CE), Josep Ferrer y *Cadillach informa que es titular del sitio web. De acuerdo con el que exige el art\u00edculo 10 de la citada Ley, Josep Ferrer y *Cadillach facilita los datos siguientes:<\/strong><\/p>\n<ul>\n<li><strong>RAZ\u00d3N SOCIAL:<\/strong> Josep Ferrer i Cadillach<\/li>\n<li><strong>NIF:<\/strong> 40317681S<\/li>\n<li><strong>DOMINIO:<\/strong> https:\/\/motopro.cat\/<\/li>\n<li><strong>DIRECCI\u00d3N POSTAL:<\/strong> Carrer Major, 50 Salt, 17190\u00a0 (Girona)<\/li>\n<li><strong>DIRECCI\u00d3N ELECTR\u00d3NICA:<\/strong> apre70@gmail.com<\/li>\n<li><strong>TEL\u00c9FONO:<\/strong> 646518503<\/li>\n<\/ul>\n<hr \/>\n<h3>Usuario y r\u00e9gimen de responsabilidades<\/h3>\n<p>La navegaci\u00f3n, acceso y uso del sitio web de Josep Ferrer y *Cadillach confiere la condici\u00f3n de usuario.<\/p>\n<p>El sitio web de Josep Ferrer y Cadillach proporciona una gran diversidad de informaci\u00f3n, servicios y datos. El usuario asume la responsabilidad en el uso correcto del sitio web. Esta responsabilidad se extender\u00e1 a:<\/p>\n<ul>\n<li>La veracidad y legalidad de las informaciones aportadas por el usuario en los formularios facilitados por Josep Ferrer y Cadillach para acceder a ciertos contenidos o servicios ofrecidos por el web.<\/li>\n<li>El uso de la informaci\u00f3n, servicios y datos ofrecidos por Josep Ferrer y Cadillach contrariamente al que disponen las presentes condiciones, la Ley, la moral, las buenas costumbres o el orden p\u00fablico, o que de cualquier otra manera puedan suponer una lesi\u00f3n de los derechos de terceros o del buen funcionamiento del sitio web.<\/li>\n<\/ul>\n<hr \/>\n<h3>Pol\u00edtica de enlaces y exenciones de responsabilidad<\/h3>\n<p>Josep Ferrer y Cadillach no se hace responsable del contenido de los sitios web a los cuales el usuario pueda acceder a trav\u00e9s de los enlaces establecidos a su sitio web, siempre que no tenga conocimiento efectivo que la actividad o la informaci\u00f3n a la cual remite o recomienda es il\u00edcita o que lesiona bienes o derechos de terceros susceptibles de indemnizaci\u00f3n, o, en caso de tenerlo, act\u00fae con diligencia para suprimir o inutilizar el enlace correspondiente.<\/p>\n<p>Se entender\u00e1 que Josep Ferrer y Cadillach tiene conocimiento efectivo cuando un \u00f3rgano competente haya declarado la ilicitud de los datos, ordenando su retirada o impedido el acceso, o haya declarado la existencia de la lesi\u00f3n, y Josep Ferrer y Cadillach conozca la resoluci\u00f3n correspondiente, sin perjuicio de los procedimientos de detecci\u00f3n y retirada de contenidos que pueda aplicar en virtud de acuerdos voluntarios u otros medios de conocimiento efectivo.<\/p>\n<p>Josep Ferrer y Cadillach declara haber adoptado todas las medidas necesarias para evitar cualquier da\u00f1o a los usuarios de su sitio web derivado de la navegaci\u00f3n. En consecuencia, no se hace responsable, en ning\u00fan caso, de los eventuales da\u00f1os que por la navegaci\u00f3n por Internet pueda sufrir el usuario. As\u00ed mismo, no garantiza la disponibilidad t\u00e9cnica, exactitud, veracidad, validez o legalidad de lugares ajenos a su propiedad a los cuales se pueda acceder mediante enlaces.<\/p>\n<hr \/>\n<h3>Mofificaciones<\/h3>\n<p>Josep Ferrer i Cadillach se reserva el derecho de realizar, en cualquier momento y sin necesidad de previo aviso, modificaciones y actualizaciones de la informaci\u00f3n contenida en su sitio web, as\u00ed como de su configuraci\u00f3n y presentaci\u00f3n. Con el objetivo de mantener la informaci\u00f3n publicada actualizada, los contenidos podr\u00e1n ser modificados, corregidos, eliminados o a\u00f1adidos en cualquier momento, por cualquier forma admitida en derecho.<\/p>\n<hr \/>\n<h3>Indicaci\u00f3 de preus<\/h3>\n<p>En cas que es mostrin preus de productes i\/o serveis, els indicats en pantalla seran els vigents en cada moment. Els preus s\u2019indicaran en euros i inclouran l\u2019Impost sobre el Valor Afegit (IVA). En cas que no s\u2019incorpori l\u2019IVA en el preu, s\u2019indicar\u00e0 de manera expressa i es permetr\u00e0 a l\u2019usuari visualitzar el preu final complet.<\/p>\n<p>Asimismo, si fuera aplicable cualquier otro impuesto, se indicar\u00e1, incluyendo, en su caso, el importe de los incrementos o descuentos aplicables a la oferta y los gastos adicionales que puedan repercutir en el consumidor o usuario.<\/p>\n<hr \/>\n<h3>Propiedad intelectual e industrial.<\/h3>\n<p>Josep Ferrer i Cadillach, por s\u00ed mismo o como cesionario, es titular de todos los derechos de propiedad intelectual e industrial de su sitio web, as\u00ed como de los elementos que contiene (a modo enunciativo: im\u00e1genes, sonido, audio, v\u00eddeo, software o textos; marcas o logotipos, combinaciones de colores, estructura y dise\u00f1o, selecci\u00f3n de materiales utilizados, programas inform\u00e1ticos necesarios para su funcionamiento, acceso y uso, etc.), siendo todos ellos propiedad de Josep Ferrer i Cadillach. Por tanto, se trata de obras protegidas como propiedad intelectual por el ordenamiento jur\u00eddico espa\u00f1ol, siendo aplicable tanto la normativa espa\u00f1ola y comunitaria como los tratados internacionales suscritos por Espa\u00f1a.<\/p>\n<p>Todos los derechos reservados. En virtud de lo dispuesto en la Ley de Propiedad Intelectual, queda expresamente prohibida la reproducci\u00f3n, distribuci\u00f3n y comunicaci\u00f3n p\u00fablica, incluida la modalidad de puesta a disposici\u00f3n, de la totalidad o parte de los contenidos de esta p\u00e1gina web, con fines comerciales, en cualquier soporte y por cualquier medio t\u00e9cnico, sin la autorizaci\u00f3n de Josep Ferrer i Cadillach.<\/p>\n<p>El usuario se compromete a respetar los derechos de Propiedad Intelectual e Industrial titularidad de Josep Ferrer i Cadillach. Podr\u00e1 visualizar los elementos del portal e incluso imprimirlos, copiarlos y almacenarlos en el disco duro de su ordenador o en cualquier otro soporte f\u00edsico siempre que sea, \u00fanica y exclusivamente, para su uso personal y privado. El usuario deber\u00e1 abstenerse de suprimir, alterar, eludir o manipular cualquier dispositivo de protecci\u00f3n o sistema de seguridad instalado en las p\u00e1ginas de Josep Ferrer i Cadillach.<\/p>\n<hr \/>\n<h3>Certificado SSL (secure sockets layer)<\/h3>\n<p>El CERTIFICADO SSL proporciona autenticaci\u00f3n, privacidad y seguridad de la informaci\u00f3n entre Josep Ferrer i Cadillach y el usuario.<\/p>\n<p>Josep Ferrer i Cadillach disposa d\u2019un certificat de seguretat que s\u2019utilitza mitjan\u00e7ant CERTIFICAT SSL per realitzar connexions segures.<\/p>\n<p>En este proceso se establecen diversos par\u00e1metros para realizar la conexi\u00f3n de forma segura, utilizando claves preestablecidas, codificando y descodificando todos los datos enviados hasta que la conexi\u00f3n sea cerrada.<\/p>\n<hr \/>\n<h3>Acciones legales, legislaci\u00f3n aplicable y jurisdicci\u00f3n.<\/h3>\n<p>Si el usuario desea presentar una reclamaci\u00f3n, deber\u00e1 contactar mediante el correo electr\u00f3nico sofiagalanr@gmail.com. Asimismo, Josep Ferrer i Cadillach dispone de hojas oficiales de reclamaci\u00f3n a disposici\u00f3n de los consumidores y usuarios.<\/p>\n<p>Josep Ferrer i Cadillach se reserva la facultad de presentar las acciones civiles o penales que considere oportunas por el uso indebido de su sitio web y contenidos, o por el incumplimiento de las presentes condiciones.<\/p>\n<p>La relaci\u00f3n entre el usuario y el prestador se regir\u00e1 por la normativa vigente y aplicable en el territorio espa\u00f1ol. En caso de controversia, las partes podr\u00e1n someter sus conflictos a arbitraje o acudir a la jurisdicci\u00f3n ordinaria cumpliendo con las normas sobre jurisdicci\u00f3n y competencia.<\/p>\n<hr \/>\n<p>&nbsp;<\/p>\n<p><!--EndFragment --><\/p>\n<p>[\/et_pb_text][\/et_pb_column][\/et_pb_row][\/et_pb_section]<\/p>","protected":false},"excerpt":{"rendered":"<p>AVIS LEGAL &nbsp; En compliment de la Llei 34\/2002, d\u201911 de juliol, de Serveis de la Societat de la Informaci\u00f3 i de Comer\u00e7 Electr\u00f2nic (LSSI-CE), Josep Ferrer i Cadillach informa que \u00e9s titular del lloc web. D\u2019acord amb el que exigeix l\u2019article 10 de la citada Llei, Josep Ferrer i Cadillach facilita les dades seg\u00fcents: [&hellip;]<\/p>","protected":false},"author":1,"featured_media":0,"parent":0,"menu_order":0,"comment_status":"closed","ping_status":"closed","template":"","meta":{"_et_pb_use_builder":"on","_et_pb_old_content":"<!-- wp:divi\/placeholder \/-->","_et_gb_content_width":"","footnotes":""},"class_list":["post-555","page","type-page","status-publish","hentry"],"yoast_head":"<!-- This site is optimized with the Yoast SEO plugin v26.6 - https:\/\/yoast.com\/wordpress\/plugins\/seo\/ -->\n<title>Av\u00eds Legal - MotoPro-Taller de reparaci\u00f3 i venda de motos<\/title>\n<meta name=\"robots\" content=\"index, follow, max-snippet:-1, max-image-preview:large, max-video-preview:-1\" \/>\n<link rel=\"canonical\" href=\"https:\/\/motopro.cat\/es\/avis-legal\/\" \/>\n<meta property=\"og:locale\" content=\"es_ES\" \/>\n<meta property=\"og:type\" content=\"article\" \/>\n<meta property=\"og:title\" content=\"Av\u00eds Legal - MotoPro-Taller de reparaci\u00f3 i venda de motos\" \/>\n<meta property=\"og:description\" content=\"AVIS LEGAL &nbsp; En compliment de la Llei 34\/2002, d\u201911 de juliol, de Serveis de la Societat de la Informaci\u00f3 i de Comer\u00e7 Electr\u00f2nic (LSSI-CE), Josep Ferrer i Cadillach informa que \u00e9s titular del lloc web. D\u2019acord amb el que exigeix l\u2019article 10 de la citada Llei, Josep Ferrer i Cadillach facilita les dades seg\u00fcents: [&hellip;]\" \/>\n<meta property=\"og:url\" content=\"https:\/\/motopro.cat\/es\/avis-legal\/\" \/>\n<meta property=\"og:site_name\" content=\"MotoPro-Taller de reparaci\u00f3 i venda de motos\" \/>\n<meta property=\"article:modified_time\" content=\"2025-10-26T19:14:10+00:00\" \/>\n<meta name=\"twitter:card\" content=\"summary_large_image\" \/>\n<meta name=\"twitter:label1\" content=\"Tiempo de lectura\" \/>\n\t<meta name=\"twitter:data1\" content=\"6 minutos\" \/>\n<script type=\"application\/ld+json\" class=\"yoast-schema-graph\">{\"@context\":\"https:\/\/schema.org\",\"@graph\":[{\"@type\":\"WebPage\",\"@id\":\"https:\/\/motopro.cat\/avis-legal\/\",\"url\":\"https:\/\/motopro.cat\/avis-legal\/\",\"name\":\"Av\u00eds Legal - MotoPro-Taller de reparaci\u00f3 i venda de motos\",\"isPartOf\":{\"@id\":\"https:\/\/motopro.cat\/#website\"},\"datePublished\":\"2025-09-09T10:26:28+00:00\",\"dateModified\":\"2025-10-26T19:14:10+00:00\",\"breadcrumb\":{\"@id\":\"https:\/\/motopro.cat\/avis-legal\/#breadcrumb\"},\"inLanguage\":\"es\",\"potentialAction\":[{\"@type\":\"ReadAction\",\"target\":[\"https:\/\/motopro.cat\/avis-legal\/\"]}]},{\"@type\":\"BreadcrumbList\",\"@id\":\"https:\/\/motopro.cat\/avis-legal\/#breadcrumb\",\"itemListElement\":[{\"@type\":\"ListItem\",\"position\":1,\"name\":\"Portada\",\"item\":\"https:\/\/motopro.cat\/\"},{\"@type\":\"ListItem\",\"position\":2,\"name\":\"Av\u00eds Legal\"}]},{\"@type\":\"WebSite\",\"@id\":\"https:\/\/motopro.cat\/#website\",\"url\":\"https:\/\/motopro.cat\/\",\"name\":\"MotoPro-Taller de reparaci\u00f3 i venda de motos\",\"description\":\"A MotoPro t&#039;ajudem a que gaudeixis de la teva passi\u00f3\",\"potentialAction\":[{\"@type\":\"SearchAction\",\"target\":{\"@type\":\"EntryPoint\",\"urlTemplate\":\"https:\/\/motopro.cat\/?s={search_term_string}\"},\"query-input\":{\"@type\":\"PropertyValueSpecification\",\"valueRequired\":true,\"valueName\":\"search_term_string\"}}],\"inLanguage\":\"es\"}]}<\/script>\n<!-- \/ Yoast SEO plugin. -->","yoast_head_json":{"title":"Av\u00eds Legal - MotoPro-Taller de reparaci\u00f3 i venda de motos","robots":{"index":"index","follow":"follow","max-snippet":"max-snippet:-1","max-image-preview":"max-image-preview:large","max-video-preview":"max-video-preview:-1"},"canonical":"https:\/\/motopro.cat\/es\/avis-legal\/","og_locale":"es_ES","og_type":"article","og_title":"Av\u00eds Legal - MotoPro-Taller de reparaci\u00f3 i venda de motos","og_description":"AVIS LEGAL &nbsp; En compliment de la Llei 34\/2002, d\u201911 de juliol, de Serveis de la Societat de la Informaci\u00f3 i de Comer\u00e7 Electr\u00f2nic (LSSI-CE), Josep Ferrer i Cadillach informa que \u00e9s titular del lloc web. D\u2019acord amb el que exigeix l\u2019article 10 de la citada Llei, Josep Ferrer i Cadillach facilita les dades seg\u00fcents: [&hellip;]","og_url":"https:\/\/motopro.cat\/es\/avis-legal\/","og_site_name":"MotoPro-Taller de reparaci\u00f3 i venda de motos","article_modified_time":"2025-10-26T19:14:10+00:00","twitter_card":"summary_large_image","twitter_misc":{"Tiempo de lectura":"6 minutos"},"schema":{"@context":"https:\/\/schema.org","@graph":[{"@type":"WebPage","@id":"https:\/\/motopro.cat\/avis-legal\/","url":"https:\/\/motopro.cat\/avis-legal\/","name":"Av\u00eds Legal - MotoPro-Taller de reparaci\u00f3 i venda de motos","isPartOf":{"@id":"https:\/\/motopro.cat\/#website"},"datePublished":"2025-09-09T10:26:28+00:00","dateModified":"2025-10-26T19:14:10+00:00","breadcrumb":{"@id":"https:\/\/motopro.cat\/avis-legal\/#breadcrumb"},"inLanguage":"es","potentialAction":[{"@type":"ReadAction","target":["https:\/\/motopro.cat\/avis-legal\/"]}]},{"@type":"BreadcrumbList","@id":"https:\/\/motopro.cat\/avis-legal\/#breadcrumb","itemListElement":[{"@type":"ListItem","position":1,"name":"Portada","item":"https:\/\/motopro.cat\/"},{"@type":"ListItem","position":2,"name":"Av\u00eds Legal"}]},{"@type":"WebSite","@id":"https:\/\/motopro.cat\/#website","url":"https:\/\/motopro.cat\/","name":"MotoPro-Taller de reparaci\u00f3 i venda de motos","description":"A MotoPro t&#039;ajudem a que gaudeixis de la teva passi\u00f3","potentialAction":[{"@type":"SearchAction","target":{"@type":"EntryPoint","urlTemplate":"https:\/\/motopro.cat\/?s={search_term_string}"},"query-input":{"@type":"PropertyValueSpecification","valueRequired":true,"valueName":"search_term_string"}}],"inLanguage":"es"}]}},"_links":{"self":[{"href":"https:\/\/motopro.cat\/es\/wp-json\/wp\/v2\/pages\/555","targetHints":{"allow":["GET"]}}],"collection":[{"href":"https:\/\/motopro.cat\/es\/wp-json\/wp\/v2\/pages"}],"about":[{"href":"https:\/\/motopro.cat\/es\/wp-json\/wp\/v2\/types\/page"}],"author":[{"embeddable":true,"href":"https:\/\/motopro.cat\/es\/wp-json\/wp\/v2\/users\/1"}],"replies":[{"embeddable":true,"href":"https:\/\/motopro.cat\/es\/wp-json\/wp\/v2\/comments?post=555"}],"version-history":[{"count":4,"href":"https:\/\/motopro.cat\/es\/wp-json\/wp\/v2\/pages\/555\/revisions"}],"predecessor-version":[{"id":994,"href":"https:\/\/motopro.cat\/es\/wp-json\/wp\/v2\/pages\/555\/revisions\/994"}],"wp:attachment":[{"href":"https:\/\/motopro.cat\/es\/wp-json\/wp\/v2\/media?parent=555"}],"curies":[{"name":"wp","href":"https:\/\/api.w.org\/{rel}","templated":true}]}}