{"id":559,"date":"2025-09-09T10:27:01","date_gmt":"2025-09-09T10:27:01","guid":{"rendered":"https:\/\/elapre.es\/?page_id=559"},"modified":"2025-10-26T21:22:46","modified_gmt":"2025-10-26T19:22:46","slug":"politica-de-cookies","status":"publish","type":"page","link":"https:\/\/motopro.cat\/es\/politica-de-cookies\/","title":{"rendered":"Pol\u00edtica de Cookies"},"content":{"rendered":"<p>[et_pb_section fb_built=&#8221;1&#8243; _builder_version=&#8221;4.27.4&#8243; _module_preset=&#8221;default&#8221; global_colors_info=&#8221;{}&#8221;][et_pb_row _builder_version=&#8221;4.27.4&#8243; _module_preset=&#8221;default&#8221; global_colors_info=&#8221;{}&#8221;][et_pb_column type=&#8221;4_4&#8243; _builder_version=&#8221;4.27.4&#8243; _module_preset=&#8221;default&#8221; global_colors_info=&#8221;{}&#8221;][et_pb_text _builder_version=&#8221;4.27.4&#8243; _module_preset=&#8221;default&#8221; hover_enabled=&#8221;0&#8243; global_colors_info=&#8221;{}&#8221; sticky_enabled=&#8221;0&#8243;]<!--StartFragment --><\/p>\n<h1>Pol\u00edtica de cookies<\/h1>\n<p><strong>Conforme al que disposa l\u2019article 22.2 de la Llei 34\/2002, d\u201911 de juliol, de Serveis de la Societat de la Informaci\u00f3 i de Comer\u00e7 Electr\u00f2nic (LSSI-CE) vigent, Josep Ferrer i Cadillach ha de complir amb l\u2019obligaci\u00f3 d\u2019informar sobre les cookies que utilitza i les seves finalitats.<\/strong><\/p>\n<p>Este sitio web utiliza cookies y\/o tecnolog\u00edas similares que almacenan y recuperan informaci\u00f3n cuando navegas. Las cookies permiten a una p\u00e1gina web, entre otras cosas, almacenar y recuperar informaci\u00f3n sobre los h\u00e1bitos de navegaci\u00f3n de un usuario o de su equipo y, dependiendo de la informaci\u00f3n que contengan y de la forma en que utilice su equipo, pueden utilizarse para reconocer al usuario.<\/p>\n<p>Las cookies son esenciales para el funcionamiento de Internet, aportando numerosas ventajas en la prestaci\u00f3n de servicios interactivos, facilitando al usuario la navegaci\u00f3n y la usabilidad de nuestro sitio web.<\/p>\n<p>El usuario puede modificar la configuraci\u00f3n personalizada AQU\u00cd.<\/p>\n<p>La informaci\u00f3n que te proporcionamos a continuaci\u00f3n te ayudar\u00e1 a comprender los diferentes tipos de cookies:<\/p>\n<hr \/>\n<h2>SEG\u00daN LA ENTIDAD QUE LAS GESTIONE:<\/h2>\n<ul>\n<li><strong>Cookies pr\u00f2pies:<\/strong> S\u00f3n aquelles que s\u2019envien al dispositiu terminal de l\u2019usuari des d\u2019un equip o domini gestionat pel mateix editor i des del qual es presta el servei sol\u00b7licitat per l\u2019usuari.<\/li>\n<li><strong>Cookies de tercers:<\/strong> S\u00f3n aquelles que s\u2019envien al dispositiu terminal de l\u2019usuari des d\u2019un equip o domini que no \u00e9s gestionat per l\u2019editor, sin\u00f3 per una altra entitat que tracta les dades obtingudes a trav\u00e9s de les cookies.<\/li>\n<\/ul>\n<hr \/>\n<h2>SEGONS EL TERMINI DE TEMPS QUE ROMANGUIN ACTIVADES<\/h2>\n<ul>\n<li><strong>Cookies de sesi\u00f3n:<\/strong> Dise\u00f1adas para recoger y almacenar datos mientras el usuario accede a una p\u00e1gina web. Se utilizan para conservar informaci\u00f3n que solo interesa mantener durante la prestaci\u00f3n del servicio solicitado en una sola ocasi\u00f3n (por ejemplo, una lista de productos adquiridos) y desaparecen al finalizar la sesi\u00f3n.<\/li>\n<li><strong>Cookies persistentes:<\/strong> Los datos permanecen almacenados en el terminal y pueden ser accedidos y tratados durante un per\u00edodo definido por el responsable de la cookie, que puede ir de minutos a varios a\u00f1os.<\/li>\n<\/ul>\n<hr \/>\n<h2>SEG\u00daN SU FINALIDAD:<\/h2>\n<ul>\n<li><strong>Cookies t\u00e9cnicas:<\/strong> Permiten al usuario la navegaci\u00f3n a trav\u00e9s de una p\u00e1gina web, plataforma o aplicaci\u00f3n y la utilizaci\u00f3n de las diferentes opciones o servicios que existen en ella.<\/li>\n<li><strong>Cookies de personalizaci\u00f3n:<\/strong> Permiten aplicar caracter\u00edsticas propias para la navegaci\u00f3n del usuario por el sitio web (ej. idioma).<\/li>\n<li><strong>Cookies de an\u00e1lisis:<\/strong> Permiten al responsable realizar el seguimiento y an\u00e1lisis del comportamiento de los usuarios de los sitios web a los que est\u00e1n vinculadas, incluida la cuantificaci\u00f3n de los impactos de los anuncios. La informaci\u00f3n recogida se utiliza para medir la actividad del sitio web, aplicaci\u00f3n o plataforma, con el objetivo de introducir mejoras en funci\u00f3n del an\u00e1lisis de los datos de uso.<\/li>\n<li><strong>Cookies publicitarias:<\/strong> Permiten al editor incluir espacios publicitarios en la p\u00e1gina web seg\u00fan el contenido de la propia web.<\/li>\n<li><strong>Cookies de publicidad comportamental:<\/strong> Almacenan informaci\u00f3n del comportamiento de los usuarios obtenida mediante la observaci\u00f3n continuada de sus h\u00e1bitos de navegaci\u00f3n, lo que permite desarrollar un perfil espec\u00edfico para mostrar publicidad en funci\u00f3n de este.<\/li>\n<\/ul>\n<hr \/>\n<h2>Informaci\u00f3n detallada sobre las cookies utilizadas.<\/h2>\n<p>Josep Ferrer i Cadillach informa de manera m\u00e1s detallada sobre las cookies que utiliza, sus titulares, el uso o finalidad concreta, los plazos de conservaci\u00f3n, as\u00ed como las posibles transferencias internacionales de datos de cada una de ellas utilizadas en nuestro sitio web.<\/p>\n<h3>Necesarias<\/h3>\n<p>Las cookies necesarias son cruciales para las funciones b\u00e1sicas del sitio web y este no funcionar\u00e1 como se espera sin ellas. Estas cookies no almacenan ning\u00fan dato de identificaci\u00f3n personal.<\/p>\n<table>\n<thead>\n<tr>\n<th>Cookie<\/th>\n<th>Duraci\u00f3n<\/th>\n<th>Descripci\u00f3n<\/th>\n<\/tr>\n<\/thead>\n<tbody>\n<tr>\n<td>rc::a<\/td>\n<td>Nunca caduca<\/td>\n<td>Cookie establecida por el servicio Google reCAPTCHA para identificar bots.<\/td>\n<\/tr>\n<tr>\n<td>rc::c<\/td>\n<td>Sesi\u00f3n<\/td>\n<td>Cookie establecida por el servicio Google reCAPTCHA para identificar bots.<\/td>\n<\/tr>\n<tr>\n<td>cookieyes-consent<\/td>\n<td>1 a\u00f1o<\/td>\n<td>CookieYes recuerda las preferencias de consentimiento de los usuarios.<\/td>\n<\/tr>\n<\/tbody>\n<\/table>\n<h4>Anal\u00edtica<\/h4>\n<p>Las cookies anal\u00edticas se utilizan para comprender c\u00f3mo interact\u00faan los visitantes con el sitio web. Ayudan a proporcionar informaci\u00f3n sobre m\u00e9tricas como el n\u00famero de visitantes, el porcentaje de rebote, la fuente de tr\u00e1fico, etc.<\/p>\n<table>\n<thead>\n<tr>\n<th>Cookie<\/th>\n<th>Duraci\u00f3n<\/th>\n<th>Descripci\u00f3n<\/th>\n<\/tr>\n<\/thead>\n<tbody>\n<tr>\n<td><em>ga<\/em>*<\/td>\n<td>1 a\u00f1o 1 mes 4 dias<\/td>\n<td>Google Analytics: almacena y cuenta las visualizaciones de p\u00e1gina.<\/td>\n<\/tr>\n<tr>\n<td>_ga<\/td>\n<td>1 a\u00f1o 1 mes 4 dias<\/td>\n<td>Google Analytics: calcula datos de visitantes, sesiones y campa\u00f1as.<\/td>\n<\/tr>\n<\/tbody>\n<\/table>\n<hr \/>\n<h2>Enlaces para configurar las cookies en navegadores.<\/h2>\n<ul>\n<li><strong>Firefox:<\/strong><span>\u00a0<\/span><a href=\"https:\/\/support.mozilla.org\/es\/kb\/cookies-informacion-que-los-sitios-web-guardan-en-\" target=\"_blank\" rel=\"noopener\">https:\/\/support.mozilla.org\/es\/kb\/cookies-informacion-que-los-sitios-web-guardan-en-<\/a><\/li>\n<li><strong>Chrome:<\/strong><span>\u00a0<\/span><a href=\"http:\/\/support.google.com\/chrome\/bin\/answer.py?hl=es&amp;answer=95647\" target=\"_blank\" rel=\"noopener\">http:\/\/support.google.com\/chrome\/bin\/answer.py?hl=es&amp;answer=95647<\/a><\/li>\n<li><strong>Internet Explorer:<\/strong><span>\u00a0<\/span><a href=\"http:\/\/windows.microsoft.com\/es-es\/internet-explorer\/delete-manage-cookies#ie=ie-10\" target=\"_blank\" rel=\"noopener\">http:\/\/windows.microsoft.com\/es-es\/internet-explorer\/delete-manage-cookies#ie=ie-10<\/a><\/li>\n<li><strong>Microsoft Edge:<\/strong><span>\u00a0<\/span><a href=\"https:\/\/support.microsoft.com\/es-es\/microsoft-edge\/eliminar-las-cookies-en-microsoft-edge-63947406-40ac-c3b8-57b9-2a946a29ae09\" target=\"_blank\" rel=\"noopener\">https:\/\/support.microsoft.com\/es-es\/microsoft-edge\/eliminar-las-cookies-en-microsoft-edge-63947406-40ac-c3b8-57b9-2a946a29ae09<\/a><\/li>\n<li><strong>Safari:<\/strong><span>\u00a0<\/span><a href=\"https:\/\/support.apple.com\/kb\/ph17191?locale=es_ES\" target=\"_blank\" rel=\"noopener\">https:\/\/support.apple.com\/kb\/ph17191?locale=es_ES<\/a><\/li>\n<li><strong>Opera:<\/strong><span>\u00a0<\/span><a href=\"https:\/\/help.opera.com\/en\/latest\/web-preferences\/#cookies\" target=\"_blank\" rel=\"noopener\">https:\/\/help.opera.com\/en\/latest\/web-preferences\/#cookies<\/a><\/li>\n<\/ul>\n<hr \/>\n<p>Para conocer m\u00e1s informaci\u00f3n sobre el tratamiento de datos personales, te recomendamos visitar nuestro apartado \u201cPol\u00edtica de Privacidad\u201d.<\/p>\n<p>&nbsp;<\/p>\n<p><!--EndFragment -->[\/et_pb_text][\/et_pb_column][\/et_pb_row][\/et_pb_section]<\/p>","protected":false},"excerpt":{"rendered":"<p>Pol\u00edtica de cookies Conforme al que disposa l\u2019article 22.2 de la Llei 34\/2002, d\u201911 de juliol, de Serveis de la Societat de la Informaci\u00f3 i de Comer\u00e7 Electr\u00f2nic (LSSI-CE) vigent, Josep Ferrer i Cadillach ha de complir amb l\u2019obligaci\u00f3 d\u2019informar sobre les cookies que utilitza i les seves finalitats. Aquest lloc web utilitza cookies i\/o [&hellip;]<\/p>","protected":false},"author":1,"featured_media":0,"parent":0,"menu_order":0,"comment_status":"closed","ping_status":"closed","template":"","meta":{"_et_pb_use_builder":"on","_et_pb_old_content":"<!-- wp:divi\/placeholder \/-->","_et_gb_content_width":"","footnotes":""},"class_list":["post-559","page","type-page","status-publish","hentry"],"yoast_head":"<!-- This site is optimized with the Yoast SEO plugin v26.6 - https:\/\/yoast.com\/wordpress\/plugins\/seo\/ -->\n<title>Pol\u00edtica de Cookies - MotoPro-Taller de reparaci\u00f3 i venda de motos<\/title>\n<meta name=\"robots\" content=\"index, follow, max-snippet:-1, max-image-preview:large, max-video-preview:-1\" \/>\n<link rel=\"canonical\" href=\"https:\/\/motopro.cat\/es\/politica-de-cookies\/\" \/>\n<meta property=\"og:locale\" content=\"es_ES\" \/>\n<meta property=\"og:type\" content=\"article\" \/>\n<meta property=\"og:title\" content=\"Pol\u00edtica de Cookies - MotoPro-Taller de reparaci\u00f3 i venda de motos\" \/>\n<meta property=\"og:description\" content=\"Pol\u00edtica de cookies Conforme al que disposa l\u2019article 22.2 de la Llei 34\/2002, d\u201911 de juliol, de Serveis de la Societat de la Informaci\u00f3 i de Comer\u00e7 Electr\u00f2nic (LSSI-CE) vigent, Josep Ferrer i Cadillach ha de complir amb l\u2019obligaci\u00f3 d\u2019informar sobre les cookies que utilitza i les seves finalitats. Aquest lloc web utilitza cookies i\/o [&hellip;]\" \/>\n<meta property=\"og:url\" content=\"https:\/\/motopro.cat\/es\/politica-de-cookies\/\" \/>\n<meta property=\"og:site_name\" content=\"MotoPro-Taller de reparaci\u00f3 i venda de motos\" \/>\n<meta property=\"article:modified_time\" content=\"2025-10-26T19:22:46+00:00\" \/>\n<meta name=\"twitter:card\" content=\"summary_large_image\" \/>\n<meta name=\"twitter:label1\" content=\"Tiempo de lectura\" \/>\n\t<meta name=\"twitter:data1\" content=\"4 minutos\" \/>\n<script type=\"application\/ld+json\" class=\"yoast-schema-graph\">{\"@context\":\"https:\/\/schema.org\",\"@graph\":[{\"@type\":\"WebPage\",\"@id\":\"https:\/\/motopro.cat\/politica-de-cookies\/\",\"url\":\"https:\/\/motopro.cat\/politica-de-cookies\/\",\"name\":\"Pol\u00edtica de Cookies - MotoPro-Taller de reparaci\u00f3 i venda de motos\",\"isPartOf\":{\"@id\":\"https:\/\/motopro.cat\/#website\"},\"datePublished\":\"2025-09-09T10:27:01+00:00\",\"dateModified\":\"2025-10-26T19:22:46+00:00\",\"breadcrumb\":{\"@id\":\"https:\/\/motopro.cat\/politica-de-cookies\/#breadcrumb\"},\"inLanguage\":\"es\",\"potentialAction\":[{\"@type\":\"ReadAction\",\"target\":[\"https:\/\/motopro.cat\/politica-de-cookies\/\"]}]},{\"@type\":\"BreadcrumbList\",\"@id\":\"https:\/\/motopro.cat\/politica-de-cookies\/#breadcrumb\",\"itemListElement\":[{\"@type\":\"ListItem\",\"position\":1,\"name\":\"Portada\",\"item\":\"https:\/\/motopro.cat\/\"},{\"@type\":\"ListItem\",\"position\":2,\"name\":\"Pol\u00edtica de Cookies\"}]},{\"@type\":\"WebSite\",\"@id\":\"https:\/\/motopro.cat\/#website\",\"url\":\"https:\/\/motopro.cat\/\",\"name\":\"MotoPro-Taller de reparaci\u00f3 i venda de motos\",\"description\":\"A MotoPro t&#039;ajudem a que gaudeixis de la teva passi\u00f3\",\"potentialAction\":[{\"@type\":\"SearchAction\",\"target\":{\"@type\":\"EntryPoint\",\"urlTemplate\":\"https:\/\/motopro.cat\/?s={search_term_string}\"},\"query-input\":{\"@type\":\"PropertyValueSpecification\",\"valueRequired\":true,\"valueName\":\"search_term_string\"}}],\"inLanguage\":\"es\"}]}<\/script>\n<!-- \/ Yoast SEO plugin. -->","yoast_head_json":{"title":"Pol\u00edtica de Cookies - MotoPro-Taller de reparaci\u00f3 i venda de motos","robots":{"index":"index","follow":"follow","max-snippet":"max-snippet:-1","max-image-preview":"max-image-preview:large","max-video-preview":"max-video-preview:-1"},"canonical":"https:\/\/motopro.cat\/es\/politica-de-cookies\/","og_locale":"es_ES","og_type":"article","og_title":"Pol\u00edtica de Cookies - MotoPro-Taller de reparaci\u00f3 i venda de motos","og_description":"Pol\u00edtica de cookies Conforme al que disposa l\u2019article 22.2 de la Llei 34\/2002, d\u201911 de juliol, de Serveis de la Societat de la Informaci\u00f3 i de Comer\u00e7 Electr\u00f2nic (LSSI-CE) vigent, Josep Ferrer i Cadillach ha de complir amb l\u2019obligaci\u00f3 d\u2019informar sobre les cookies que utilitza i les seves finalitats. Aquest lloc web utilitza cookies i\/o [&hellip;]","og_url":"https:\/\/motopro.cat\/es\/politica-de-cookies\/","og_site_name":"MotoPro-Taller de reparaci\u00f3 i venda de motos","article_modified_time":"2025-10-26T19:22:46+00:00","twitter_card":"summary_large_image","twitter_misc":{"Tiempo de lectura":"4 minutos"},"schema":{"@context":"https:\/\/schema.org","@graph":[{"@type":"WebPage","@id":"https:\/\/motopro.cat\/politica-de-cookies\/","url":"https:\/\/motopro.cat\/politica-de-cookies\/","name":"Pol\u00edtica de Cookies - MotoPro-Taller de reparaci\u00f3 i venda de motos","isPartOf":{"@id":"https:\/\/motopro.cat\/#website"},"datePublished":"2025-09-09T10:27:01+00:00","dateModified":"2025-10-26T19:22:46+00:00","breadcrumb":{"@id":"https:\/\/motopro.cat\/politica-de-cookies\/#breadcrumb"},"inLanguage":"es","potentialAction":[{"@type":"ReadAction","target":["https:\/\/motopro.cat\/politica-de-cookies\/"]}]},{"@type":"BreadcrumbList","@id":"https:\/\/motopro.cat\/politica-de-cookies\/#breadcrumb","itemListElement":[{"@type":"ListItem","position":1,"name":"Portada","item":"https:\/\/motopro.cat\/"},{"@type":"ListItem","position":2,"name":"Pol\u00edtica de Cookies"}]},{"@type":"WebSite","@id":"https:\/\/motopro.cat\/#website","url":"https:\/\/motopro.cat\/","name":"MotoPro-Taller de reparaci\u00f3 i venda de motos","description":"A MotoPro t&#039;ajudem a que gaudeixis de la teva passi\u00f3","potentialAction":[{"@type":"SearchAction","target":{"@type":"EntryPoint","urlTemplate":"https:\/\/motopro.cat\/?s={search_term_string}"},"query-input":{"@type":"PropertyValueSpecification","valueRequired":true,"valueName":"search_term_string"}}],"inLanguage":"es"}]}},"_links":{"self":[{"href":"https:\/\/motopro.cat\/es\/wp-json\/wp\/v2\/pages\/559","targetHints":{"allow":["GET"]}}],"collection":[{"href":"https:\/\/motopro.cat\/es\/wp-json\/wp\/v2\/pages"}],"about":[{"href":"https:\/\/motopro.cat\/es\/wp-json\/wp\/v2\/types\/page"}],"author":[{"embeddable":true,"href":"https:\/\/motopro.cat\/es\/wp-json\/wp\/v2\/users\/1"}],"replies":[{"embeddable":true,"href":"https:\/\/motopro.cat\/es\/wp-json\/wp\/v2\/comments?post=559"}],"version-history":[{"count":4,"href":"https:\/\/motopro.cat\/es\/wp-json\/wp\/v2\/pages\/559\/revisions"}],"predecessor-version":[{"id":996,"href":"https:\/\/motopro.cat\/es\/wp-json\/wp\/v2\/pages\/559\/revisions\/996"}],"wp:attachment":[{"href":"https:\/\/motopro.cat\/es\/wp-json\/wp\/v2\/media?parent=559"}],"curies":[{"name":"wp","href":"https:\/\/api.w.org\/{rel}","templated":true}]}}