{"id":562,"date":"2025-09-09T10:27:44","date_gmt":"2025-09-09T10:27:44","guid":{"rendered":"https:\/\/elapre.es\/?page_id=562"},"modified":"2025-09-20T12:57:00","modified_gmt":"2025-09-20T12:57:00","slug":"accessibilitat","status":"publish","type":"page","link":"https:\/\/motopro.cat\/es\/accessibilitat\/","title":{"rendered":"Accessibilitat"},"content":{"rendered":"<p>[et_pb_section fb_built=&#8221;1&#8243; theme_builder_area=&#8221;post_content&#8221; _builder_version=&#8221;4.27.4&#8243; _module_preset=&#8221;default&#8221;][et_pb_row _builder_version=&#8221;4.27.4&#8243; _module_preset=&#8221;default&#8221; theme_builder_area=&#8221;post_content&#8221;][et_pb_column _builder_version=&#8221;4.27.4&#8243; _module_preset=&#8221;default&#8221; type=&#8221;4_4&#8243; theme_builder_area=&#8221;post_content&#8221;][et_pb_text _builder_version=&#8221;4.27.4&#8243; _module_preset=&#8221;default&#8221; theme_builder_area=&#8221;post_content&#8221; hover_enabled=&#8221;0&#8243; sticky_enabled=&#8221;0&#8243;]<\/p>\n<p><!--StartFragment --><\/p>\n<p>&nbsp;<\/p>\n<p><strong>MotoPro.cat<\/strong>, que depende de <strong>Josep Ferrer i Cadillach<\/strong>, se ha comprometido a hacer accesible su sitio web, de conformidad con el Real Decreto 1112\/2018, de 7 de septiembre, sobre la accesibilidad de los sitios web y aplicaciones para dispositivos m\u00f3viles del sector p\u00fablico.<\/p>\n<p>La presente declaraci\u00f3n de accesibilidad se aplica al sitio web. <a href=\"https:\/\/motopro.cat\/es\/\">https:\/\/motopro.cat<\/a><\/p>\n<hr \/>\n<h3>SITUACI\u00d3N DE CUMPLIMIENTO<\/h3>\n<p>Este sitio web es parcialmente conforme con el RD 1112\/2018 debido a las excepciones y a la falta de conformidad de los aspectos que se indican en el punto siguiente.<\/p>\n<hr \/>\n<h3>CONTENIDO NO ACCESIBLE.<\/h3>\n<p>El contenido que se recoge a continuaci\u00f3n no es accesible por las siguientes razones:<\/p>\n<p><strong>Falta de conformidad con el RD 1112\/2018.<\/strong><br \/>Hay contenido audiovisual que no incluye audiodescripci\u00f3n ni medio alternativo [Requisito n\u00famero 1.2.3 Audiodescripci\u00f3n o medio alternativo] ni audiodescripci\u00f3n grabada [Requisito 1.2.5 Audiodescripci\u00f3n (Grabado)].<\/p>\n<p>Podr\u00edan existir errores puntuales de c\u00f3digo de edici\u00f3n en alguna p\u00e1gina web. [4.1.1 Procesamiento]<br \/>Podr\u00edan existir algunos componentes de la interfaz de usuario que no est\u00e9n etiquetados correctamente. [4.1.2 Nombre, funci\u00f3n, valor]<\/p>\n<p><strong>Carga desproporcionada.<\/strong><br \/>No aplica.<\/p>\n<p><strong>El contenido no entra dentro del \u00e1mbito de la legislaci\u00f3n aplicable.<\/strong><br \/>Podr\u00edan existir archivos ofim\u00e1ticos en PDF u otros formatos publicados antes del 20 de septiembre de 2018 que no cumplan en su totalidad todos los requisitos de accesibilidad. Aun as\u00ed, se ha procurado que la mayor\u00eda s\u00ed los cumplan.<\/p>\n<hr \/>\n<h3>PREPARACI\u00d3N DE LA PRESENTE DECLARACI\u00d3N DE ACCESIBILIDAD.<\/h3>\n<p>La presente declaraci\u00f3n fue preparada el 8 de septiembre de 2025.<br \/>El m\u00e9todo empleado para preparar la declaraci\u00f3n ha sido una autoevaluaci\u00f3n realizada por el propio organismo.<\/p>\n<hr \/>\n<h3>OBSERVACIONES I DATOS DE CONTACTO<\/h3>\n<p>Pod\u00e9is realizar comunicaciones sobre requisitos de accesibilidad (art\u00edculo 10.2.a del RD 1112\/2018), como por ejemplo:<\/p>\n<ul>\n<li>Informar sobre cualquier posible incumplimiento por parte de este sitio web.<\/li>\n<li>Transmitir otras dificultades de acceso al contenido.<\/li>\n<li>Formular cualquier otra consulta o sugerencia de mejora relativa a la accesibilidad del sitio web.<\/li>\n<\/ul>\n<p>A trav\u00e9s del correo electr\u00f3nico: <a href=\"mailto:info@motopro.cat\">info@motopro.cat<\/a><\/p>\n<p>Pod\u00e9is presentar:<\/p>\n<ul>\n<li>Queja relativa al cumplimiento de los requisitos del RD 1112\/2018.<\/li>\n<li>Solicitud de informaci\u00f3n accesible relativa a:\n<ul>\n<li>Contenidos que est\u00e1n excluidos del \u00e1mbito de aplicaci\u00f3n del RD 1112\/2018 seg\u00fan el art\u00edculo 3, apartado 4.<\/li>\n<li>Contenidos que est\u00e1n exentos del cumplimiento de los requisitos de accesibilidad por imponer una carga desproporcionada.<\/li>\n<\/ul>\n<\/li>\n<\/ul>\n<p>En la solicitud de informaci\u00f3n accesible, es necesario concretar con claridad los hechos, razones y petici\u00f3n que permitan constatar que se trata de una solicitud razonable y leg\u00edtima.<\/p>\n<p>Las quejas y reclamaciones sobre informaci\u00f3n accesible se realizar\u00e1n a trav\u00e9s de los correos electr\u00f3nicos indicados y ser\u00e1n recibidas y tratadas por el \u00e1rea de Sistemas de la Informaci\u00f3n de. <b>Motopro.cat<\/b><\/p>\n<hr \/>\n<h3>PROCEDIMIENTO DE APLICACI\u00d3N<\/h3>\n<p>Si una vez realizada una solicitud de informaci\u00f3n accesible o queja, esta hubiera sido desestimada, no se estuviera de acuerdo con la decisi\u00f3n adoptada, o la respuesta no cumpliera los requisitos contemplados en el art\u00edculo 12.5, la persona interesada podr\u00e1 iniciar una reclamaci\u00f3n. Igualmente se podr\u00e1 iniciar una reclamaci\u00f3n en caso de que haya transcurrido el plazo de veinte d\u00edas h\u00e1biles sin haber obtenido respuesta.<\/p>\n<p>La reclamaci\u00f3n puede presentarse a trav\u00e9s de la Instancia Gen\u00e9rica de la Sede electr\u00f3nica del Ministerio de Asuntos Econ\u00f3micos y Transformaci\u00f3n Digital, as\u00ed como en el resto de opciones recogidas en la Ley 39\/2015, de 1 de octubre, del Procedimiento Administrativo Com\u00fan de las Administraciones P\u00fablicas. Las reclamaciones ser\u00e1n recibidas y tratadas por la Subdirecci\u00f3n General de Inspecci\u00f3n de Servicios del Ministerio.<\/p>\n<hr \/>\n<h3>CONTENIDO OPCIONAL.<\/h3>\n<p>Este portal est\u00e1 dise\u00f1ado para permitir cambiar el tama\u00f1o del texto y el color, as\u00ed como el fondo de la p\u00e1gina mediante las opciones de configuraci\u00f3n est\u00e1ndar de los navegadores.<\/p>\n<p>Para cambiar el tama\u00f1o de la letra en los principales navegadores gr\u00e1ficos, utiliza los siguientes men\u00fas:<\/p>\n<ul>\n<li><strong>Internet Explorer, Mozilla i Firefox<\/strong>: Visualitza &gt; Mida del text<\/li>\n<li><strong>Opera<\/strong>: Visualitza &gt; Zoom<\/li>\n<li><strong>Safari<\/strong>: Visualitza &gt; Fer el text m\u00e9s gran<\/li>\n<li><strong>Chrome<\/strong>: Controla la p\u00e0gina actual &gt; Mida del text<\/li>\n<\/ul>\n<p>Para modificar el tama\u00f1o de todo el contenido de la p\u00e1gina:<\/p>\n<ul>\n<li>Ctrl + + per augmentar-la<\/li>\n<li>Ctrl + \u2013 per disminuir-la<\/li>\n<li>Ctrl + 0 per restaurar la mida original del text<\/li>\n<\/ul>\n<p>Si desea anular la hoja de estilos o modificar el color del texto, puede consultar la p\u00e1gina. <em>How to Change Text Size or Colors<\/em> de la WAI, que se puede leer traducida al castellano en la p\u00e1gina \u201cC\u00f3mo cambiar los colores y fuentes del navegador\u201d del sitio web de WAI. <em>\u00bfC\u00f3mo cambiar el tama\u00f1o del texto o colores?<\/em><\/p>\n<p>&nbsp;<\/p>\n<p><!--EndFragment --><\/p>\n<p>[\/et_pb_text][\/et_pb_column][\/et_pb_row][\/et_pb_section]<\/p>","protected":false},"excerpt":{"rendered":"<p>&nbsp; MotoPro.cat, que dep\u00e8n de Josep Ferrer i Cadillach, s\u2019ha comprom\u00e8s a fer accessible el seu lloc web, de conformitat amb el Reial decret 1112\/2018, de 7 de setembre, sobre l\u2019accessibilitat dels llocs web i aplicacions per a dispositius m\u00f2bils del sector p\u00fablic. La present declaraci\u00f3 d\u2019accessibilitat s\u2019aplica al lloc web https:\/\/motopro.cat SITUACI\u00d3 DE COMPLIMENT [&hellip;]<\/p>","protected":false},"author":1,"featured_media":0,"parent":0,"menu_order":0,"comment_status":"closed","ping_status":"closed","template":"","meta":{"_et_pb_use_builder":"on","_et_pb_old_content":"<!-- wp:divi\/placeholder \/-->","_et_gb_content_width":"","footnotes":""},"class_list":["post-562","page","type-page","status-publish","hentry"],"yoast_head":"<!-- This site is optimized with the Yoast SEO plugin v26.6 - https:\/\/yoast.com\/wordpress\/plugins\/seo\/ -->\n<title>Accessibilitat - MotoPro-Taller de reparaci\u00f3 i venda de motos<\/title>\n<meta name=\"description\" content=\"Declaraci\u00f3 d&#039;accessibilitat de MotoPro.cat. Informem del nostre compliment del RD 1112\/2018 i com contactar per a suggeriments i queixes.\" \/>\n<meta name=\"robots\" content=\"index, follow, max-snippet:-1, max-image-preview:large, max-video-preview:-1\" \/>\n<link rel=\"canonical\" href=\"https:\/\/motopro.cat\/es\/accessibilitat\/\" \/>\n<meta property=\"og:locale\" content=\"es_ES\" \/>\n<meta property=\"og:type\" content=\"article\" \/>\n<meta property=\"og:title\" content=\"Accessibilitat - MotoPro-Taller de reparaci\u00f3 i venda de motos\" \/>\n<meta property=\"og:description\" content=\"Declaraci\u00f3 d&#039;accessibilitat de MotoPro.cat. Informem del nostre compliment del RD 1112\/2018 i com contactar per a suggeriments i queixes.\" \/>\n<meta property=\"og:url\" content=\"https:\/\/motopro.cat\/es\/accessibilitat\/\" \/>\n<meta property=\"og:site_name\" content=\"MotoPro-Taller de reparaci\u00f3 i venda de motos\" \/>\n<meta property=\"article:modified_time\" content=\"2025-09-20T12:57:00+00:00\" \/>\n<meta name=\"twitter:card\" content=\"summary_large_image\" \/>\n<meta name=\"twitter:label1\" content=\"Tiempo de lectura\" \/>\n\t<meta name=\"twitter:data1\" content=\"4 minutos\" \/>\n<script type=\"application\/ld+json\" class=\"yoast-schema-graph\">{\"@context\":\"https:\/\/schema.org\",\"@graph\":[{\"@type\":\"WebPage\",\"@id\":\"https:\/\/motopro.cat\/accessibilitat\/\",\"url\":\"https:\/\/motopro.cat\/accessibilitat\/\",\"name\":\"Accessibilitat - MotoPro-Taller de reparaci\u00f3 i venda de motos\",\"isPartOf\":{\"@id\":\"https:\/\/motopro.cat\/#website\"},\"datePublished\":\"2025-09-09T10:27:44+00:00\",\"dateModified\":\"2025-09-20T12:57:00+00:00\",\"description\":\"Declaraci\u00f3 d'accessibilitat de MotoPro.cat. Informem del nostre compliment del RD 1112\/2018 i com contactar per a suggeriments i queixes.\",\"breadcrumb\":{\"@id\":\"https:\/\/motopro.cat\/accessibilitat\/#breadcrumb\"},\"inLanguage\":\"es\",\"potentialAction\":[{\"@type\":\"ReadAction\",\"target\":[\"https:\/\/motopro.cat\/accessibilitat\/\"]}]},{\"@type\":\"BreadcrumbList\",\"@id\":\"https:\/\/motopro.cat\/accessibilitat\/#breadcrumb\",\"itemListElement\":[{\"@type\":\"ListItem\",\"position\":1,\"name\":\"Portada\",\"item\":\"https:\/\/motopro.cat\/\"},{\"@type\":\"ListItem\",\"position\":2,\"name\":\"Accessibilitat\"}]},{\"@type\":\"WebSite\",\"@id\":\"https:\/\/motopro.cat\/#website\",\"url\":\"https:\/\/motopro.cat\/\",\"name\":\"MotoPro-Taller de reparaci\u00f3 i venda de motos\",\"description\":\"A MotoPro t&#039;ajudem a que gaudeixis de la teva passi\u00f3\",\"potentialAction\":[{\"@type\":\"SearchAction\",\"target\":{\"@type\":\"EntryPoint\",\"urlTemplate\":\"https:\/\/motopro.cat\/?s={search_term_string}\"},\"query-input\":{\"@type\":\"PropertyValueSpecification\",\"valueRequired\":true,\"valueName\":\"search_term_string\"}}],\"inLanguage\":\"es\"}]}<\/script>\n<!-- \/ Yoast SEO plugin. -->","yoast_head_json":{"title":"Accessibilitat - MotoPro-Taller de reparaci\u00f3 i venda de motos","description":"Declaraci\u00f3 d'accessibilitat de MotoPro.cat. Informem del nostre compliment del RD 1112\/2018 i com contactar per a suggeriments i queixes.","robots":{"index":"index","follow":"follow","max-snippet":"max-snippet:-1","max-image-preview":"max-image-preview:large","max-video-preview":"max-video-preview:-1"},"canonical":"https:\/\/motopro.cat\/es\/accessibilitat\/","og_locale":"es_ES","og_type":"article","og_title":"Accessibilitat - MotoPro-Taller de reparaci\u00f3 i venda de motos","og_description":"Declaraci\u00f3 d'accessibilitat de MotoPro.cat. Informem del nostre compliment del RD 1112\/2018 i com contactar per a suggeriments i queixes.","og_url":"https:\/\/motopro.cat\/es\/accessibilitat\/","og_site_name":"MotoPro-Taller de reparaci\u00f3 i venda de motos","article_modified_time":"2025-09-20T12:57:00+00:00","twitter_card":"summary_large_image","twitter_misc":{"Tiempo de lectura":"4 minutos"},"schema":{"@context":"https:\/\/schema.org","@graph":[{"@type":"WebPage","@id":"https:\/\/motopro.cat\/accessibilitat\/","url":"https:\/\/motopro.cat\/accessibilitat\/","name":"Accessibilitat - MotoPro-Taller de reparaci\u00f3 i venda de motos","isPartOf":{"@id":"https:\/\/motopro.cat\/#website"},"datePublished":"2025-09-09T10:27:44+00:00","dateModified":"2025-09-20T12:57:00+00:00","description":"Declaraci\u00f3 d'accessibilitat de MotoPro.cat. Informem del nostre compliment del RD 1112\/2018 i com contactar per a suggeriments i queixes.","breadcrumb":{"@id":"https:\/\/motopro.cat\/accessibilitat\/#breadcrumb"},"inLanguage":"es","potentialAction":[{"@type":"ReadAction","target":["https:\/\/motopro.cat\/accessibilitat\/"]}]},{"@type":"BreadcrumbList","@id":"https:\/\/motopro.cat\/accessibilitat\/#breadcrumb","itemListElement":[{"@type":"ListItem","position":1,"name":"Portada","item":"https:\/\/motopro.cat\/"},{"@type":"ListItem","position":2,"name":"Accessibilitat"}]},{"@type":"WebSite","@id":"https:\/\/motopro.cat\/#website","url":"https:\/\/motopro.cat\/","name":"MotoPro-Taller de reparaci\u00f3 i venda de motos","description":"A MotoPro t&#039;ajudem a que gaudeixis de la teva passi\u00f3","potentialAction":[{"@type":"SearchAction","target":{"@type":"EntryPoint","urlTemplate":"https:\/\/motopro.cat\/?s={search_term_string}"},"query-input":{"@type":"PropertyValueSpecification","valueRequired":true,"valueName":"search_term_string"}}],"inLanguage":"es"}]}},"_links":{"self":[{"href":"https:\/\/motopro.cat\/es\/wp-json\/wp\/v2\/pages\/562","targetHints":{"allow":["GET"]}}],"collection":[{"href":"https:\/\/motopro.cat\/es\/wp-json\/wp\/v2\/pages"}],"about":[{"href":"https:\/\/motopro.cat\/es\/wp-json\/wp\/v2\/types\/page"}],"author":[{"embeddable":true,"href":"https:\/\/motopro.cat\/es\/wp-json\/wp\/v2\/users\/1"}],"replies":[{"embeddable":true,"href":"https:\/\/motopro.cat\/es\/wp-json\/wp\/v2\/comments?post=562"}],"version-history":[{"count":6,"href":"https:\/\/motopro.cat\/es\/wp-json\/wp\/v2\/pages\/562\/revisions"}],"predecessor-version":[{"id":913,"href":"https:\/\/motopro.cat\/es\/wp-json\/wp\/v2\/pages\/562\/revisions\/913"}],"wp:attachment":[{"href":"https:\/\/motopro.cat\/es\/wp-json\/wp\/v2\/media?parent=562"}],"curies":[{"name":"wp","href":"https:\/\/api.w.org\/{rel}","templated":true}]}}