{"id":565,"date":"2025-09-09T10:28:12","date_gmt":"2025-09-09T10:28:12","guid":{"rendered":"https:\/\/elapre.es\/?page_id=565"},"modified":"2025-09-10T03:17:37","modified_gmt":"2025-09-10T03:17:37","slug":"configurar-cookies","status":"publish","type":"page","link":"https:\/\/motopro.cat\/es\/configurar-cookies\/","title":{"rendered":"Configurar Cookies"},"content":{"rendered":"<p>[et_pb_section fb_built=&#8221;1&#8243; theme_builder_area=&#8221;post_content&#8221; _builder_version=&#8221;4.27.4&#8243; _module_preset=&#8221;default&#8221;][et_pb_row _builder_version=&#8221;4.27.4&#8243; _module_preset=&#8221;default&#8221; theme_builder_area=&#8221;post_content&#8221;][et_pb_column _builder_version=&#8221;4.27.4&#8243; _module_preset=&#8221;default&#8221; type=&#8221;4_4&#8243; theme_builder_area=&#8221;post_content&#8221;][et_pb_text _builder_version=&#8221;4.27.4&#8243; _module_preset=&#8221;default&#8221; theme_builder_area=&#8221;post_content&#8221; hover_enabled=&#8221;0&#8243; sticky_enabled=&#8221;0&#8243;]<\/p>\n<p><!--StartFragment --><\/p>\n<p>&nbsp;<\/p>\n<p><strong>Josep Ferrer i Cadillach, responsable de Motopro.cat, se ha comprometido a hacer accesible su sitio web, de conformidad con el Real Decreto 1112\/2018, de 7 de septiembre, sobre accesibilidad de los sitios web y aplicaciones para dispositivos m\u00f3viles del sector p\u00fablico.<\/strong><\/p>\n<p>Esta declaraci\u00f3n de accesibilidad se aplica al sitio web: <a href=\"https:\/\/motopro.cat\/es\/\">https:\/\/motopro.cat<\/a><\/p>\n<hr \/>\n<h3>SITUACI\u00d3N DE CUMPLIMIENTO<\/h3>\n<p>Este sitio web es parcialmente conforme con el RD 1112\/2018 debido a las excepciones y a la falta de conformidad de los aspectos que se indican en el siguiente punto.<\/p>\n<hr \/>\n<h3>CONTENIDO NO ACCESIBLE.<\/h3>\n<p>El contenido que se detalla a continuaci\u00f3n no es accesible por las siguientes razones:<\/p>\n<p><strong>Falta de conformidad con el RD 1112\/2018.<\/strong><\/p>\n<ul>\n<li>Podr\u00edan existir errores puntuales de c\u00f3digo de edici\u00f3n en alguna p\u00e1gina web. [4.1.1 Procesamiento]<\/li>\n<li>Podr\u00edan existir algunos componentes de la interfaz de usuario que no est\u00e9n etiquetados correctamente. [4.1.2 Nombre, funci\u00f3n, valor]<\/li>\n<\/ul>\n<p><strong>Carga desproporcionada.<\/strong><\/p>\n<ul>\n<li>No aplica.<\/li>\n<\/ul>\n<p><strong>Contenido fuera del \u00e1mbito de la legislaci\u00f3n aplicable.<\/strong><\/p>\n<ul>\n<li>No aplica.<\/li>\n<\/ul>\n<hr \/>\n<h3>PREPARACI\u00d3N DE LA PRESENTE DECLARACI\u00d3N DE ACCESIBILIDAD.<\/h3>\n<p>La presente declaraci\u00f3n fue preparada el 8 de septiembre de 2025.<\/p>\n<p>El m\u00e9todo empleado para preparar la declaraci\u00f3n ha sido una autoevaluaci\u00f3n realizada por el propio organismo.<\/p>\n<hr \/>\n<h3>OBSERVACIONES I DATOS DE CONTACTO<\/h3>\n<p>Pod\u00e9is realizar comunicaciones sobre requisitos de accesibilidad (art\u00edculo 10.2.a del RD 1112\/2018), como por ejemplo:<\/p>\n<ul>\n<li>Informar sobre cualquier posible incumplimiento por parte de este sitio web.<\/li>\n<li>Transmitir otras dificultades de acceso al contenido.<\/li>\n<li>Formular cualquier otra consulta o sugerencia de mejora relativa a la accesibilidad del sitio web.<\/li>\n<\/ul>\n<p>A trav\u00e9s del correo electr\u00f3nico: <strong>info@motopro.cat<\/strong><\/p>\n<p>Pod\u00e9is presentar:<\/p>\n<ul>\n<li>Queja relativa al cumplimiento de los requisitos del RD 1112\/2018.<\/li>\n<li>Solicitud de informaci\u00f3n accesible relativa a:\n<ul>\n<li>Contenidos que est\u00e1n excluidos del \u00e1mbito de aplicaci\u00f3n del RD 1112\/2018 seg\u00fan el art\u00edculo 3, apartado 4.<\/li>\n<li>Contenidos que est\u00e1n exentos del cumplimiento de los requisitos de accesibilidad por imponer una carga desproporcionada.<\/li>\n<\/ul>\n<\/li>\n<\/ul>\n<p>En la solicitud de informaci\u00f3n accesible, es necesario concretar con claridad los hechos, razones y petici\u00f3n que permitan constatar que se trata de una solicitud razonable y leg\u00edtima.<\/p>\n<p>Las quejas y reclamaciones sobre informaci\u00f3n accesible se realizar\u00e1n a trav\u00e9s de los correos electr\u00f3nicos indicados y ser\u00e1n recibidas y tratadas por el \u00e1rea de Sistemas de la Informaci\u00f3n de. <strong>Motopro.cat<\/strong>.<\/p>\n<hr \/>\n<h3>PROCEDIMIENTO DE APLICACI\u00d3N<\/h3>\n<p>Si una vegada realitzada una sol\u00b7licitud d\u2019informaci\u00f3 accessible o queixa, aquesta ha estat desestimada, no s\u2019est\u00e0 d\u2019acord amb la decisi\u00f3 adoptada, o la resposta no compleix els requisits contemplats en l\u2019article 12.5, la persona interessada podr\u00e0 iniciar una reclamaci\u00f3. Igualment, es podr\u00e0 iniciar una reclamaci\u00f3 si han transcorregut vint dies h\u00e0bils sense haver obtingut resposta.<\/p>\n<p>La reclamaci\u00f3 es pot presentar a trav\u00e9s de la Inst\u00e0ncia Gen\u00e8rica de la Seu electr\u00f2nica del Ministeri d\u2019Afers Econ\u00f2mics i Transformaci\u00f3 Digital, aix\u00ed com en la resta d\u2019opcions recollides en la Llei 39\/2015, d\u20191 d\u2019octubre, del Procediment Administratiu Com\u00fa de les Administracions P\u00fabliques. Les reclamacions seran rebudes i tractades per la Subdirecci\u00f3 General d\u2019Inspecci\u00f3 de Serveis del Ministeri.<\/p>\n<hr \/>\n<h3>CONTENIDO OPCIONAL.<\/h3>\n<p>Este portal est\u00e1 dise\u00f1ado para permitir cambiar el tama\u00f1o del texto y el color, as\u00ed como el fondo de la p\u00e1gina mediante las opciones de configuraci\u00f3n est\u00e1ndar de los navegadores.<\/p>\n<p>Para cambiar el tama\u00f1o de la letra en los principales navegadores gr\u00e1ficos, utiliza los siguientes men\u00fas:<\/p>\n<ul>\n<li><strong>Internet Explorer, Mozilla i Firefox:<\/strong> Ver &gt; Tama\u00f1o del texto<\/li>\n<li><strong>Opera:<\/strong> Visualitza &gt; Zoom<\/li>\n<li><strong>Safari:<\/strong> Ver &gt; Hacer el texto m\u00e1s grande<\/li>\n<li><strong>Chrome:<\/strong> Controla la p\u00e1gina actual &gt; Tama\u00f1o del texto<\/li>\n<\/ul>\n<p>Para modificar el tama\u00f1o de todo el contenido de la p\u00e1gina:<\/p>\n<ul>\n<li><strong>Ctrl + +<\/strong> para aumentarla<\/li>\n<li><strong>Ctrl + \u2013<\/strong> para disminuirla<\/li>\n<li><strong>Ctrl + 0<\/strong> para restaurar el tama\u00f1o original del texto<\/li>\n<\/ul>\n<p>Si desea anular la hoja de estilos o modificar el color del texto, puede consultar la p\u00e1gina. <em>How to Change Text Size or Colors<\/em> de la WAI, que se puede leer traducida al castellano en la p\u00e1gina \u201cC\u00f3mo cambiar los colores y fuentes del navegador\u201d del sitio web de WAI. <em>\u00bfC\u00f3mo cambiar el tama\u00f1o del texto o colores?<\/em><\/p>\n<p>&nbsp;<\/p>\n<p><!--EndFragment --><\/p>\n<p>[\/et_pb_text][\/et_pb_column][\/et_pb_row][\/et_pb_section]<\/p>","protected":false},"excerpt":{"rendered":"<p>&nbsp; Josep Ferrer i Cadillach, responsable de Motopro.cat, s\u2019ha comprom\u00e8s a fer accessible el seu lloc web, de conformitat amb el Reial decret 1112\/2018, de 7 de setembre, sobre accessibilitat dels llocs web i aplicacions per a dispositius m\u00f2bils del sector p\u00fablic. Aquesta declaraci\u00f3 d\u2019accessibilitat s\u2019aplica al lloc web: https:\/\/motopro.cat SITUACI\u00d3 DE COMPLIMENT Aquest lloc [&hellip;]<\/p>","protected":false},"author":1,"featured_media":0,"parent":0,"menu_order":0,"comment_status":"closed","ping_status":"closed","template":"","meta":{"_et_pb_use_builder":"on","_et_pb_old_content":"<!-- wp:divi\/placeholder \/-->","_et_gb_content_width":"","footnotes":""},"class_list":["post-565","page","type-page","status-publish","hentry"],"yoast_head":"<!-- This site is optimized with the Yoast SEO plugin v26.6 - https:\/\/yoast.com\/wordpress\/plugins\/seo\/ -->\n<title>Configurar Cookies - MotoPro-Taller de reparaci\u00f3 i venda de motos<\/title>\n<meta name=\"robots\" content=\"index, follow, max-snippet:-1, max-image-preview:large, max-video-preview:-1\" \/>\n<link rel=\"canonical\" href=\"https:\/\/motopro.cat\/es\/configurar-cookies\/\" \/>\n<meta property=\"og:locale\" content=\"es_ES\" \/>\n<meta property=\"og:type\" content=\"article\" \/>\n<meta property=\"og:title\" content=\"Configurar Cookies - MotoPro-Taller de reparaci\u00f3 i venda de motos\" \/>\n<meta property=\"og:description\" content=\"&nbsp; Josep Ferrer i Cadillach, responsable de Motopro.cat, s\u2019ha comprom\u00e8s a fer accessible el seu lloc web, de conformitat amb el Reial decret 1112\/2018, de 7 de setembre, sobre accessibilitat dels llocs web i aplicacions per a dispositius m\u00f2bils del sector p\u00fablic. Aquesta declaraci\u00f3 d\u2019accessibilitat s\u2019aplica al lloc web: https:\/\/motopro.cat SITUACI\u00d3 DE COMPLIMENT Aquest lloc [&hellip;]\" \/>\n<meta property=\"og:url\" content=\"https:\/\/motopro.cat\/es\/configurar-cookies\/\" \/>\n<meta property=\"og:site_name\" content=\"MotoPro-Taller de reparaci\u00f3 i venda de motos\" \/>\n<meta property=\"article:modified_time\" content=\"2025-09-10T03:17:37+00:00\" \/>\n<meta name=\"twitter:card\" content=\"summary_large_image\" \/>\n<meta name=\"twitter:label1\" content=\"Tiempo de lectura\" \/>\n\t<meta name=\"twitter:data1\" content=\"4 minutos\" \/>\n<script type=\"application\/ld+json\" class=\"yoast-schema-graph\">{\"@context\":\"https:\/\/schema.org\",\"@graph\":[{\"@type\":\"WebPage\",\"@id\":\"https:\/\/motopro.cat\/configurar-cookies\/\",\"url\":\"https:\/\/motopro.cat\/configurar-cookies\/\",\"name\":\"Configurar Cookies - MotoPro-Taller de reparaci\u00f3 i venda de motos\",\"isPartOf\":{\"@id\":\"https:\/\/motopro.cat\/#website\"},\"datePublished\":\"2025-09-09T10:28:12+00:00\",\"dateModified\":\"2025-09-10T03:17:37+00:00\",\"breadcrumb\":{\"@id\":\"https:\/\/motopro.cat\/configurar-cookies\/#breadcrumb\"},\"inLanguage\":\"es\",\"potentialAction\":[{\"@type\":\"ReadAction\",\"target\":[\"https:\/\/motopro.cat\/configurar-cookies\/\"]}]},{\"@type\":\"BreadcrumbList\",\"@id\":\"https:\/\/motopro.cat\/configurar-cookies\/#breadcrumb\",\"itemListElement\":[{\"@type\":\"ListItem\",\"position\":1,\"name\":\"Portada\",\"item\":\"https:\/\/motopro.cat\/\"},{\"@type\":\"ListItem\",\"position\":2,\"name\":\"Configurar Cookies\"}]},{\"@type\":\"WebSite\",\"@id\":\"https:\/\/motopro.cat\/#website\",\"url\":\"https:\/\/motopro.cat\/\",\"name\":\"MotoPro-Taller de reparaci\u00f3 i venda de motos\",\"description\":\"A MotoPro t&#039;ajudem a que gaudeixis de la teva passi\u00f3\",\"potentialAction\":[{\"@type\":\"SearchAction\",\"target\":{\"@type\":\"EntryPoint\",\"urlTemplate\":\"https:\/\/motopro.cat\/?s={search_term_string}\"},\"query-input\":{\"@type\":\"PropertyValueSpecification\",\"valueRequired\":true,\"valueName\":\"search_term_string\"}}],\"inLanguage\":\"es\"}]}<\/script>\n<!-- \/ Yoast SEO plugin. -->","yoast_head_json":{"title":"Configurar Cookies - MotoPro-Taller de reparaci\u00f3 i venda de motos","robots":{"index":"index","follow":"follow","max-snippet":"max-snippet:-1","max-image-preview":"max-image-preview:large","max-video-preview":"max-video-preview:-1"},"canonical":"https:\/\/motopro.cat\/es\/configurar-cookies\/","og_locale":"es_ES","og_type":"article","og_title":"Configurar Cookies - MotoPro-Taller de reparaci\u00f3 i venda de motos","og_description":"&nbsp; Josep Ferrer i Cadillach, responsable de Motopro.cat, s\u2019ha comprom\u00e8s a fer accessible el seu lloc web, de conformitat amb el Reial decret 1112\/2018, de 7 de setembre, sobre accessibilitat dels llocs web i aplicacions per a dispositius m\u00f2bils del sector p\u00fablic. Aquesta declaraci\u00f3 d\u2019accessibilitat s\u2019aplica al lloc web: https:\/\/motopro.cat SITUACI\u00d3 DE COMPLIMENT Aquest lloc [&hellip;]","og_url":"https:\/\/motopro.cat\/es\/configurar-cookies\/","og_site_name":"MotoPro-Taller de reparaci\u00f3 i venda de motos","article_modified_time":"2025-09-10T03:17:37+00:00","twitter_card":"summary_large_image","twitter_misc":{"Tiempo de lectura":"4 minutos"},"schema":{"@context":"https:\/\/schema.org","@graph":[{"@type":"WebPage","@id":"https:\/\/motopro.cat\/configurar-cookies\/","url":"https:\/\/motopro.cat\/configurar-cookies\/","name":"Configurar Cookies - MotoPro-Taller de reparaci\u00f3 i venda de motos","isPartOf":{"@id":"https:\/\/motopro.cat\/#website"},"datePublished":"2025-09-09T10:28:12+00:00","dateModified":"2025-09-10T03:17:37+00:00","breadcrumb":{"@id":"https:\/\/motopro.cat\/configurar-cookies\/#breadcrumb"},"inLanguage":"es","potentialAction":[{"@type":"ReadAction","target":["https:\/\/motopro.cat\/configurar-cookies\/"]}]},{"@type":"BreadcrumbList","@id":"https:\/\/motopro.cat\/configurar-cookies\/#breadcrumb","itemListElement":[{"@type":"ListItem","position":1,"name":"Portada","item":"https:\/\/motopro.cat\/"},{"@type":"ListItem","position":2,"name":"Configurar Cookies"}]},{"@type":"WebSite","@id":"https:\/\/motopro.cat\/#website","url":"https:\/\/motopro.cat\/","name":"MotoPro-Taller de reparaci\u00f3 i venda de motos","description":"A MotoPro t&#039;ajudem a que gaudeixis de la teva passi\u00f3","potentialAction":[{"@type":"SearchAction","target":{"@type":"EntryPoint","urlTemplate":"https:\/\/motopro.cat\/?s={search_term_string}"},"query-input":{"@type":"PropertyValueSpecification","valueRequired":true,"valueName":"search_term_string"}}],"inLanguage":"es"}]}},"_links":{"self":[{"href":"https:\/\/motopro.cat\/es\/wp-json\/wp\/v2\/pages\/565","targetHints":{"allow":["GET"]}}],"collection":[{"href":"https:\/\/motopro.cat\/es\/wp-json\/wp\/v2\/pages"}],"about":[{"href":"https:\/\/motopro.cat\/es\/wp-json\/wp\/v2\/types\/page"}],"author":[{"embeddable":true,"href":"https:\/\/motopro.cat\/es\/wp-json\/wp\/v2\/users\/1"}],"replies":[{"embeddable":true,"href":"https:\/\/motopro.cat\/es\/wp-json\/wp\/v2\/comments?post=565"}],"version-history":[{"count":3,"href":"https:\/\/motopro.cat\/es\/wp-json\/wp\/v2\/pages\/565\/revisions"}],"predecessor-version":[{"id":893,"href":"https:\/\/motopro.cat\/es\/wp-json\/wp\/v2\/pages\/565\/revisions\/893"}],"wp:attachment":[{"href":"https:\/\/motopro.cat\/es\/wp-json\/wp\/v2\/media?parent=565"}],"curies":[{"name":"wp","href":"https:\/\/api.w.org\/{rel}","templated":true}]}}